{"id":1654,"date":"2023-04-26T22:22:06","date_gmt":"2023-04-26T20:22:06","guid":{"rendered":"https:\/\/www.cantin.ch\/?page_id=1654"},"modified":"2024-01-17T13:02:57","modified_gmt":"2024-01-17T12:02:57","slug":"mechanische-prazisionsbearbeitung-in-der-schweiz","status":"publish","type":"page","link":"https:\/\/www.cantin.ch\/de\/usinage-mecanique-de-precision-en-suisse\/","title":{"rendered":"Mechanische Pr\u00e4zisionsbearbeitung in der Schweiz"},"content":{"rendered":"<div data-elementor-type=\"wp-page\" data-elementor-id=\"1654\" class=\"elementor elementor-1654\" data-elementor-post-type=\"page\">\n\t\t\t\t\t\t<section class=\"elementor-section elementor-top-section elementor-element elementor-element-c8693ca elementor-section-full_width elementor-section-content-middle elementor-section-height-default elementor-section-height-default\" data-id=\"c8693ca\" data-element_type=\"section\" data-e-type=\"section\" data-settings=\"{&quot;background_background&quot;:&quot;classic&quot;}\">\n\t\t\t\t\t\t<div class=\"elementor-container elementor-column-gap-default\">\n\t\t\t\t\t<div class=\"elementor-column elementor-col-50 elementor-top-column elementor-element elementor-element-f4051b0\" data-id=\"f4051b0\" data-element_type=\"column\" data-e-type=\"column\">\n\t\t\t<div class=\"elementor-widget-wrap elementor-element-populated\">\n\t\t\t\t\t\t<div class=\"elementor-element elementor-element-0fa97f2 elementor-widget elementor-widget-heading\" data-id=\"0fa97f2\" data-element_type=\"widget\" data-e-type=\"widget\" data-widget_type=\"heading.default\">\n\t\t\t\t<div class=\"elementor-widget-container\">\n\t\t\t\t\t<h2 class=\"elementor-heading-title elementor-size-default\">Reaktivit\u00e4t, Kontrolle und Qualit\u00e4t<\/h2>\t\t\t\t<\/div>\n\t\t\t\t<\/div>\n\t\t\t\t<div class=\"elementor-element elementor-element-c5f9bc8 elementor-widget elementor-widget-text-editor\" data-id=\"c5f9bc8\" data-element_type=\"widget\" data-e-type=\"widget\" data-widget_type=\"text-editor.default\">\n\t\t\t\t<div class=\"elementor-widget-container\">\n\t\t\t\t\t\t\t\t\t<p class=\"big\">Unsere Spezialit\u00e4t ist die CNC-Bearbeitung von komplexen Dreh- und Fr\u00e4steilen aus hochwertigen Materialien f\u00fcr den Maschinen- und Anlagenbau in <a href=\"https:\/\/www.cantin.ch\/de\/unsere-marsche\/\">breit gef\u00e4cherte T\u00e4tigkeitsbereiche<\/a>. Unser Leistungsspektrum umfasst die Erstellung der Produktionsunterlagen, die Serienbearbeitung von Dreh- oder Fr\u00e4steilen in verschiedenen und komplexen Gr\u00f6\u00dfen sowie die Fertigung.<\/p><p class=\"big\">Diese technischen F\u00e4higkeiten in Verbindung mit unserem Know-how und unserer Erfahrung erm\u00f6glichen es, optimale L\u00f6sungen zu finden, die die Durchf\u00fchrbarkeit von Teil- oder Gesamtprojekten gew\u00e4hrleisten.<\/p>\t\t\t\t\t\t\t\t<\/div>\n\t\t\t\t<\/div>\n\t\t\t\t\t<\/div>\n\t\t<\/div>\n\t\t\t\t<div class=\"elementor-column elementor-col-50 elementor-top-column elementor-element elementor-element-9eb74bd\" data-id=\"9eb74bd\" data-element_type=\"column\" data-e-type=\"column\">\n\t\t\t<div class=\"elementor-widget-wrap elementor-element-populated\">\n\t\t\t\t\t\t<div class=\"elementor-element elementor-element-deb8bf2 elementor-widget elementor-widget-image\" data-id=\"deb8bf2\" data-element_type=\"widget\" data-e-type=\"widget\" data-widget_type=\"image.default\">\n\t\t\t\t<div class=\"elementor-widget-container\">\n\t\t\t\t\t\t\t\t\t\t\t\t\t\t\t<img fetchpriority=\"high\" decoding=\"async\" width=\"525\" height=\"350\" src=\"https:\/\/www.cantin.ch\/wp-content\/uploads\/Tournage-CNC-mecanique-1024x683.jpg\" class=\"attachment-large size-large wp-image-1253\" alt=\"Ein Mechaniker, der den Fr\u00e4sprozess der CNC-Maschine kontrolliert\" srcset=\"https:\/\/www.cantin.ch\/wp-content\/uploads\/Tournage-CNC-mecanique-1024x683.jpg 1024w, https:\/\/www.cantin.ch\/wp-content\/uploads\/Tournage-CNC-mecanique-300x200.jpg 300w, https:\/\/www.cantin.ch\/wp-content\/uploads\/Tournage-CNC-mecanique-768x512.jpg 768w, https:\/\/www.cantin.ch\/wp-content\/uploads\/Tournage-CNC-mecanique-410x272.jpg 410w, https:\/\/www.cantin.ch\/wp-content\/uploads\/Tournage-CNC-mecanique-600x400.jpg 600w, https:\/\/www.cantin.ch\/wp-content\/uploads\/Tournage-CNC-mecanique.jpg 1200w\" sizes=\"(max-width: 525px) 100vw, 525px\" \/>\t\t\t\t\t\t\t\t\t\t\t\t\t\t\t<\/div>\n\t\t\t\t<\/div>\n\t\t\t\t\t<\/div>\n\t\t<\/div>\n\t\t\t\t\t<\/div>\n\t\t<\/section>\n\t\t\t\t<section class=\"elementor-section elementor-top-section elementor-element elementor-element-34034fb elementor-section-full_width elementor-section-content-middle elementor-reverse-mobile elementor-reverse-tablet elementor-section-height-default elementor-section-height-default\" data-id=\"34034fb\" data-element_type=\"section\" data-e-type=\"section\">\n\t\t\t\t\t\t<div class=\"elementor-container elementor-column-gap-default\">\n\t\t\t\t\t<div class=\"elementor-column elementor-col-50 elementor-top-column elementor-element elementor-element-69b7e4a\" data-id=\"69b7e4a\" data-element_type=\"column\" data-e-type=\"column\" data-settings=\"{&quot;background_background&quot;:&quot;classic&quot;}\">\n\t\t\t<div class=\"elementor-widget-wrap elementor-element-populated\">\n\t\t\t\t\t\t<div class=\"elementor-element elementor-element-b313bad elementor-widget elementor-widget-image\" data-id=\"b313bad\" data-element_type=\"widget\" data-e-type=\"widget\" data-widget_type=\"image.default\">\n\t\t\t\t<div class=\"elementor-widget-container\">\n\t\t\t\t\t\t\t\t\t\t\t\t\t\t\t<img decoding=\"async\" width=\"504\" height=\"988\" src=\"https:\/\/www.cantin.ch\/wp-content\/uploads\/piece-fabrication-cantin-1-e1682754938382.jpg\" class=\"attachment-full size-full wp-image-1659\" alt=\"F\u00fcnf mit mechanischer Pr\u00e4zisionsbearbeitung hergestellte Teile\" srcset=\"https:\/\/www.cantin.ch\/wp-content\/uploads\/piece-fabrication-cantin-1-e1682754938382.jpg 504w, https:\/\/www.cantin.ch\/wp-content\/uploads\/piece-fabrication-cantin-1-e1682754938382-153x300.jpg 153w\" sizes=\"(max-width: 504px) 100vw, 504px\" \/>\t\t\t\t\t\t\t\t\t\t\t\t\t\t\t<\/div>\n\t\t\t\t<\/div>\n\t\t\t\t<div class=\"elementor-element elementor-element-9e14caf elementor-widget elementor-widget-spacer\" data-id=\"9e14caf\" data-element_type=\"widget\" data-e-type=\"widget\" data-widget_type=\"spacer.default\">\n\t\t\t\t<div class=\"elementor-widget-container\">\n\t\t\t\t\t\t\t<div class=\"elementor-spacer\">\n\t\t\t<div class=\"elementor-spacer-inner\"><\/div>\n\t\t<\/div>\n\t\t\t\t\t\t<\/div>\n\t\t\t\t<\/div>\n\t\t\t\t\t<\/div>\n\t\t<\/div>\n\t\t\t\t<div class=\"elementor-column elementor-col-50 elementor-top-column elementor-element elementor-element-eea6df8\" data-id=\"eea6df8\" data-element_type=\"column\" data-e-type=\"column\">\n\t\t\t<div class=\"elementor-widget-wrap elementor-element-populated\">\n\t\t\t\t\t\t<div class=\"elementor-element elementor-element-5208bf1 elementor-widget elementor-widget-heading\" data-id=\"5208bf1\" data-element_type=\"widget\" data-e-type=\"widget\" data-widget_type=\"heading.default\">\n\t\t\t\t<div class=\"elementor-widget-container\">\n\t\t\t\t\t<h2 class=\"elementor-heading-title elementor-size-default\">Von der Herstellung des Prototyps bis zur Serie<\/h2>\t\t\t\t<\/div>\n\t\t\t\t<\/div>\n\t\t\t\t<div class=\"elementor-element elementor-element-6bbf23a elementor-widget__width-initial elementor-widget elementor-widget-text-editor\" data-id=\"6bbf23a\" data-element_type=\"widget\" data-e-type=\"widget\" data-widget_type=\"text-editor.default\">\n\t\t\t\t<div class=\"elementor-widget-container\">\n\t\t\t\t\t\t\t\t\t<div class=\"column mcb-column one column_column column-margin-\"><div class=\"column_attr clearfix align_left\"><p class=\"big\">Egal, ob es sich um einen bestehenden Raum oder einen neuen Raum handelt, <a href=\"https:\/\/www.cantin.ch\/de\/schweizerisches-studienburo-fur-industrielle-toleranz\/\">unser Planungsb\u00fcro<\/a> begleitet Sie von der Entwicklung Ihrer Prototypen bis zur Industrialisierung Ihrer Serien, indem sie Ihnen unser Know-how im Bereich der Herstellung und der Kostensenkung zur Verf\u00fcgung stellt. Unsere Leistungen umfassen die technische Betreuung bei der Herstellung des Prototyps, die Erstellung der Produktionsunterlagen, um eine Industrialisierung des Produkts gem\u00e4\u00df den definierten Standards und zu den g\u00fcnstigsten Kosten zu erm\u00f6glichen.<\/p><p class=\"big\">Wir f\u00fchren alle Arten von Reparaturen an Industrieteilen durch. Wir reproduzieren die meisten Ihrer Verschlei\u00dfteile, die im Rahmen unserer Maschinenkapazit\u00e4ten liegen. Unser Konstruktionsb\u00fcro bietet Ihnen au\u00dferdem sein Know-how an, um die Herstellung von Baugruppen oder bestehenden Teilen zu optimieren, um die Herstellungskosten zu senken und gleichzeitig die erwarteten Eigenschaften beizubehalten.<\/p><\/div><\/div><div class=\"column mcb-column one column_column column-margin-\"><div class=\"column_attr clearfix align_left\"><h6><span style=\"font-weight: normal;\">+ Einsparungen und Reaktionsf\u00e4higkeit f\u00fcr Ihr Unternehmen durch Outsourcing<\/span><\/h6><h6><span style=\"font-weight: normal;\">+ Beherrschung durch Einbeziehung von Herstellungszw\u00e4ngen<\/span><\/h6><\/div><\/div>\t\t\t\t\t\t\t\t<\/div>\n\t\t\t\t<\/div>\n\t\t\t\t<div class=\"elementor-element elementor-element-228250f elementor-align-left elementor-widget elementor-widget-button\" data-id=\"228250f\" data-element_type=\"widget\" data-e-type=\"widget\" data-widget_type=\"button.default\">\n\t\t\t\t<div class=\"elementor-widget-container\">\n\t\t\t\t\t\t\t\t\t<div class=\"elementor-button-wrapper\">\n\t\t\t\t\t<a class=\"elementor-button elementor-button-link elementor-size-lg elementor-animation-shrink\" href=\"https:\/\/www.cantin.ch\/de\/schweizerisches-studienburo-fur-industrielle-toleranz\/\">\n\t\t\t\t\t\t<span class=\"elementor-button-content-wrapper\">\n\t\t\t\t\t\t\t\t\t<span class=\"elementor-button-text\">ENTDECKEN SIE UNSER PLANUNGSB\u00dcRO<\/span>\n\t\t\t\t\t<\/span>\n\t\t\t\t\t<\/a>\n\t\t\t\t<\/div>\n\t\t\t\t\t\t\t\t<\/div>\n\t\t\t\t<\/div>\n\t\t\t\t\t<\/div>\n\t\t<\/div>\n\t\t\t\t\t<\/div>\n\t\t<\/section>\n\t\t\t\t<section class=\"elementor-section elementor-top-section elementor-element elementor-element-612f0a5 elementor-section-full_width elementor-section-content-middle elementor-section-height-default elementor-section-height-default\" data-id=\"612f0a5\" data-element_type=\"section\" data-e-type=\"section\" data-settings=\"{&quot;background_background&quot;:&quot;classic&quot;}\">\n\t\t\t\t\t\t<div class=\"elementor-container elementor-column-gap-default\">\n\t\t\t\t\t<div class=\"elementor-column elementor-col-50 elementor-top-column elementor-element elementor-element-9174bee\" data-id=\"9174bee\" data-element_type=\"column\" data-e-type=\"column\">\n\t\t\t<div class=\"elementor-widget-wrap elementor-element-populated\">\n\t\t\t\t\t\t<div class=\"elementor-element elementor-element-c143cc6 elementor-widget elementor-widget-heading\" data-id=\"c143cc6\" data-element_type=\"widget\" data-e-type=\"widget\" data-widget_type=\"heading.default\">\n\t\t\t\t<div class=\"elementor-widget-container\">\n\t\t\t\t\t<h2 class=\"elementor-heading-title elementor-size-default\">Mechanik \/ CNC-Fr\u00e4sen<\/h2>\t\t\t\t<\/div>\n\t\t\t\t<\/div>\n\t\t\t\t<div class=\"elementor-element elementor-element-428aee2 elementor-widget elementor-widget-text-editor\" data-id=\"428aee2\" data-element_type=\"widget\" data-e-type=\"widget\" data-widget_type=\"text-editor.default\">\n\t\t\t\t<div class=\"elementor-widget-container\">\n\t\t\t\t\t\t\t\t\t<div class=\"column mcb-column one column_column column-margin-\"><div class=\"column_attr clearfix\"><p class=\"big\">Mit unseren Bearbeitungszentren fr\u00e4sen unsere Spezialisten komplexe Teile f\u00fcr Kunden aus den unterschiedlichsten Branchen.x Unsere CNC-Bearbeitungszentren mit 3 bis 9 Achsen bieten optimale Reaktionsf\u00e4higkeit und Produktivit\u00e4t beim Fr\u00e4sen von Teilen mit unterschiedlichen Geometrien oder Volumen.<\/p><p class=\"big\">Unsere Maschinen sind mit CAD-Stationen verbunden und erm\u00f6glichen die rationelle Fertigung komplexer Teile, auch in kleinen Mengen. Unsere Zentren sind besonders f\u00fcr die Bearbeitung von prismatischen Teilen geeignet und erm\u00f6glichen die Herstellung jeder Art von Formen, auch komplexer Formen, bis zu 5 Achsen simultan.<\/p><\/div><\/div>\t\t\t\t\t\t\t\t<\/div>\n\t\t\t\t<\/div>\n\t\t\t\t<div class=\"elementor-element elementor-element-69d4f03 elementor-align-left elementor-widget elementor-widget-button\" data-id=\"69d4f03\" data-element_type=\"widget\" data-e-type=\"widget\" data-widget_type=\"button.default\">\n\t\t\t\t<div class=\"elementor-widget-container\">\n\t\t\t\t\t\t\t\t\t<div class=\"elementor-button-wrapper\">\n\t\t\t\t\t<a class=\"elementor-button elementor-button-link elementor-size-lg elementor-animation-shrink\" href=\"https:\/\/www.cantin.ch\/de\/cnc-frasen-in-der-industriemechanik\/\">\n\t\t\t\t\t\t<span class=\"elementor-button-content-wrapper\">\n\t\t\t\t\t\t\t\t\t<span class=\"elementor-button-text\">ENTDECKEN SIE UNSERE FR\u00c4SL\u00d6SUNGEN<\/span>\n\t\t\t\t\t<\/span>\n\t\t\t\t\t<\/a>\n\t\t\t\t<\/div>\n\t\t\t\t\t\t\t\t<\/div>\n\t\t\t\t<\/div>\n\t\t\t\t\t<\/div>\n\t\t<\/div>\n\t\t\t\t<div class=\"elementor-column elementor-col-50 elementor-top-column elementor-element elementor-element-fc0566f\" data-id=\"fc0566f\" data-element_type=\"column\" data-e-type=\"column\" data-settings=\"{&quot;background_background&quot;:&quot;classic&quot;}\">\n\t\t\t<div class=\"elementor-widget-wrap elementor-element-populated\">\n\t\t\t\t\t\t<div class=\"elementor-element elementor-element-202b969 elementor-widget elementor-widget-spacer\" data-id=\"202b969\" data-element_type=\"widget\" data-e-type=\"widget\" data-widget_type=\"spacer.default\">\n\t\t\t\t<div class=\"elementor-widget-container\">\n\t\t\t\t\t\t\t<div class=\"elementor-spacer\">\n\t\t\t<div class=\"elementor-spacer-inner\"><\/div>\n\t\t<\/div>\n\t\t\t\t\t\t<\/div>\n\t\t\t\t<\/div>\n\t\t\t\t\t<\/div>\n\t\t<\/div>\n\t\t\t\t\t<\/div>\n\t\t<\/section>\n\t\t\t\t<section class=\"elementor-section elementor-top-section elementor-element elementor-element-4f8f597 elementor-section-full_width elementor-section-content-middle elementor-reverse-tablet elementor-reverse-mobile elementor-section-height-default elementor-section-height-default\" data-id=\"4f8f597\" data-element_type=\"section\" data-e-type=\"section\">\n\t\t\t\t\t\t<div class=\"elementor-container elementor-column-gap-default\">\n\t\t\t\t\t<div class=\"elementor-column elementor-col-50 elementor-top-column elementor-element elementor-element-b921e96\" data-id=\"b921e96\" data-element_type=\"column\" data-e-type=\"column\" data-settings=\"{&quot;background_background&quot;:&quot;classic&quot;}\">\n\t\t\t<div class=\"elementor-widget-wrap elementor-element-populated\">\n\t\t\t\t\t\t<div class=\"elementor-element elementor-element-3b5eb93 elementor-widget elementor-widget-spacer\" data-id=\"3b5eb93\" data-element_type=\"widget\" data-e-type=\"widget\" data-widget_type=\"spacer.default\">\n\t\t\t\t<div class=\"elementor-widget-container\">\n\t\t\t\t\t\t\t<div class=\"elementor-spacer\">\n\t\t\t<div class=\"elementor-spacer-inner\"><\/div>\n\t\t<\/div>\n\t\t\t\t\t\t<\/div>\n\t\t\t\t<\/div>\n\t\t\t\t\t<\/div>\n\t\t<\/div>\n\t\t\t\t<div class=\"elementor-column elementor-col-50 elementor-top-column elementor-element elementor-element-86c92b9\" data-id=\"86c92b9\" data-element_type=\"column\" data-e-type=\"column\">\n\t\t\t<div class=\"elementor-widget-wrap elementor-element-populated\">\n\t\t\t\t\t\t<div class=\"elementor-element elementor-element-c8fd7c0 elementor-widget elementor-widget-heading\" data-id=\"c8fd7c0\" data-element_type=\"widget\" data-e-type=\"widget\" data-widget_type=\"heading.default\">\n\t\t\t\t<div class=\"elementor-widget-container\">\n\t\t\t\t\t<h2 class=\"elementor-heading-title elementor-size-default\">CNC-Drehen<\/h2>\t\t\t\t<\/div>\n\t\t\t\t<\/div>\n\t\t\t\t<div class=\"elementor-element elementor-element-13fb18b elementor-widget elementor-widget-text-editor\" data-id=\"13fb18b\" data-element_type=\"widget\" data-e-type=\"widget\" data-widget_type=\"text-editor.default\">\n\t\t\t\t<div class=\"elementor-widget-container\">\n\t\t\t\t\t\t\t\t\t<div class=\"column mcb-column one column_column column-margin-\"><div class=\"column_attr clearfix\"><p class=\"big\">Wir vereinen das Fachwissen von Spezialisten f\u00fcr CNC-Drehen mit leistungsstarken CNC-Drehmaschinen. Unsere mehrachsigen CNC-Drehzentren erf\u00fcllen die h\u00f6chsten Anforderungen an Pr\u00e4zision und Produktivit\u00e4t.<\/p><p class=\"big\">Das Verfahren der spanabhebenden Bearbeitung erm\u00f6glicht die Herstellung von zylinderf\u00f6rmigen Werkst\u00fccken. Es ist auch m\u00f6glich, sehr komplexe Formen zu bohren und zu fr\u00e4sen, indem bis zu 9 Achsen gefr\u00e4st werden.<\/p><\/div><\/div>\t\t\t\t\t\t\t\t<\/div>\n\t\t\t\t<\/div>\n\t\t\t\t<div class=\"elementor-element elementor-element-5db68db elementor-align-left elementor-widget elementor-widget-button\" data-id=\"5db68db\" data-element_type=\"widget\" data-e-type=\"widget\" data-widget_type=\"button.default\">\n\t\t\t\t<div class=\"elementor-widget-container\">\n\t\t\t\t\t\t\t\t\t<div class=\"elementor-button-wrapper\">\n\t\t\t\t\t<a class=\"elementor-button elementor-button-link elementor-size-lg elementor-animation-shrink\" href=\"https:\/\/www.cantin.ch\/de\/cnc-drehen-in-der-industriemechanik\/\">\n\t\t\t\t\t\t<span class=\"elementor-button-content-wrapper\">\n\t\t\t\t\t\t\t\t\t<span class=\"elementor-button-text\">ENTDECKEN SIE UNSERE L\u00d6SUNGEN F\u00dcR DAS DREHEN<\/span>\n\t\t\t\t\t<\/span>\n\t\t\t\t\t<\/a>\n\t\t\t\t<\/div>\n\t\t\t\t\t\t\t\t<\/div>\n\t\t\t\t<\/div>\n\t\t\t\t\t<\/div>\n\t\t<\/div>\n\t\t\t\t\t<\/div>\n\t\t<\/section>\n\t\t\t\t<section class=\"elementor-section elementor-top-section elementor-element elementor-element-0eaed80 elementor-section-full_width elementor-section-content-middle elementor-section-height-default elementor-section-height-default\" data-id=\"0eaed80\" data-element_type=\"section\" data-e-type=\"section\" data-settings=\"{&quot;background_background&quot;:&quot;classic&quot;}\">\n\t\t\t\t\t\t<div class=\"elementor-container elementor-column-gap-default\">\n\t\t\t\t\t<div class=\"elementor-column elementor-col-50 elementor-top-column elementor-element elementor-element-5c56bc2\" data-id=\"5c56bc2\" data-element_type=\"column\" data-e-type=\"column\">\n\t\t\t<div class=\"elementor-widget-wrap elementor-element-populated\">\n\t\t\t\t\t\t<div class=\"elementor-element elementor-element-de2df11 elementor-widget elementor-widget-heading\" data-id=\"de2df11\" data-element_type=\"widget\" data-e-type=\"widget\" data-widget_type=\"heading.default\">\n\t\t\t\t<div class=\"elementor-widget-container\">\n\t\t\t\t\t<h2 class=\"elementor-heading-title elementor-size-default\">Konventionelle Bearbeitung<\/h2>\t\t\t\t<\/div>\n\t\t\t\t<\/div>\n\t\t\t\t<div class=\"elementor-element elementor-element-26be714 elementor-widget elementor-widget-text-editor\" data-id=\"26be714\" data-element_type=\"widget\" data-e-type=\"widget\" data-widget_type=\"text-editor.default\">\n\t\t\t\t<div class=\"elementor-widget-container\">\n\t\t\t\t\t\t\t\t\t<div class=\"column mcb-column one column_column column-margin-\"><div class=\"column_attr clearfix\"><div class=\"column mcb-column one column_column column-margin-\"><div class=\"column_attr clearfix\">\u00a0<\/div><\/div><div class=\"column mcb-column one column_column column-margin-0px\"><div class=\"column_attr clearfix\"><p class=\"big\">Cantin bietet auch eine Reihe von konventionellen Bearbeitungsdienstleistungen f\u00fcr Kunden aus verschiedenen Branchen an. Unsere Fabrik ist mit einem vielf\u00e4ltigen Bestand an konventionellen Maschinen ausgestattet, so dass wir eine breite Palette an Bearbeitungstechniken anbieten k\u00f6nnen...<\/p><p class=\"big\">Mit unseren Werkzeugmaschinen k\u00f6nnen wir alle Arten von Metallen bearbeiten, die in der Industrie verwendet werden. Diese Art der Bearbeitung hat den Vorteil, dass sie bei der Produktion kleiner Mengen oder bei der Reparatur von Einzelst\u00fccken kosteng\u00fcnstig, schnell und effizient ist.<\/p><p class=\"big\">Wir verf\u00fcgen \u00fcber einen konventionellen Maschinenpark zum Bohren, Fr\u00e4sen und Drehen.<\/p><\/div><\/div><\/div><\/div>\t\t\t\t\t\t\t\t<\/div>\n\t\t\t\t<\/div>\n\t\t\t\t<div class=\"elementor-element elementor-element-05b9a55 elementor-align-left elementor-widget elementor-widget-button\" data-id=\"05b9a55\" data-element_type=\"widget\" data-e-type=\"widget\" data-widget_type=\"button.default\">\n\t\t\t\t<div class=\"elementor-widget-container\">\n\t\t\t\t\t\t\t\t\t<div class=\"elementor-button-wrapper\">\n\t\t\t\t\t<a class=\"elementor-button elementor-button-link elementor-size-lg elementor-animation-shrink\" href=\"https:\/\/www.cantin.ch\/de\/konventionelle-bearbeitung-in-der-industriemechanik\/\">\n\t\t\t\t\t\t<span class=\"elementor-button-content-wrapper\">\n\t\t\t\t\t\t\t\t\t<span class=\"elementor-button-text\">ENTDECKEN SIE UNSERE L\u00d6SUNGEN F\u00dcR KONVENTIONELLE BEARBEITUNG<\/span>\n\t\t\t\t\t<\/span>\n\t\t\t\t\t<\/a>\n\t\t\t\t<\/div>\n\t\t\t\t\t\t\t\t<\/div>\n\t\t\t\t<\/div>\n\t\t\t\t\t<\/div>\n\t\t<\/div>\n\t\t\t\t<div class=\"elementor-column elementor-col-50 elementor-top-column elementor-element elementor-element-59d6600\" data-id=\"59d6600\" data-element_type=\"column\" data-e-type=\"column\" data-settings=\"{&quot;background_background&quot;:&quot;classic&quot;}\">\n\t\t\t<div class=\"elementor-widget-wrap elementor-element-populated\">\n\t\t\t\t\t\t<div class=\"elementor-element elementor-element-537c66e elementor-widget elementor-widget-spacer\" data-id=\"537c66e\" data-element_type=\"widget\" data-e-type=\"widget\" data-widget_type=\"spacer.default\">\n\t\t\t\t<div class=\"elementor-widget-container\">\n\t\t\t\t\t\t\t<div class=\"elementor-spacer\">\n\t\t\t<div class=\"elementor-spacer-inner\"><\/div>\n\t\t<\/div>\n\t\t\t\t\t\t<\/div>\n\t\t\t\t<\/div>\n\t\t\t\t\t<\/div>\n\t\t<\/div>\n\t\t\t\t\t<\/div>\n\t\t<\/section>\n\t\t\t\t<section class=\"elementor-section elementor-top-section elementor-element elementor-element-15d5c36 elementor-section-full_width elementor-section-content-middle elementor-section-height-default elementor-section-height-default\" data-id=\"15d5c36\" data-element_type=\"section\" data-e-type=\"section\" data-settings=\"{&quot;background_background&quot;:&quot;classic&quot;}\">\n\t\t\t\t\t\t<div class=\"elementor-container elementor-column-gap-default\">\n\t\t\t\t\t<div class=\"elementor-column elementor-col-100 elementor-top-column elementor-element elementor-element-bd112a3\" data-id=\"bd112a3\" data-element_type=\"column\" data-e-type=\"column\">\n\t\t\t<div class=\"elementor-widget-wrap elementor-element-populated\">\n\t\t\t\t\t\t<div class=\"elementor-element elementor-element-6629b91 elementor-widget elementor-widget-heading\" data-id=\"6629b91\" data-element_type=\"widget\" data-e-type=\"widget\" data-widget_type=\"heading.default\">\n\t\t\t\t<div class=\"elementor-widget-container\">\n\t\t\t\t\t<h2 class=\"elementor-heading-title elementor-size-default\">Qualit\u00e4t ist unsere Priorit\u00e4t<\/h2>\t\t\t\t<\/div>\n\t\t\t\t<\/div>\n\t\t\t\t<div class=\"elementor-element elementor-element-6ed75b6 elementor-widget elementor-widget-heading\" data-id=\"6ed75b6\" data-element_type=\"widget\" data-e-type=\"widget\" data-widget_type=\"heading.default\">\n\t\t\t\t<div class=\"elementor-widget-container\">\n\t\t\t\t\t<h2 class=\"elementor-heading-title elementor-size-default\">Cantin ist nach ISO 9001:2015 zertifiziert.<\/h2>\t\t\t\t<\/div>\n\t\t\t\t<\/div>\n\t\t\t\t<div class=\"elementor-element elementor-element-0d52600 elementor-widget__width-initial elementor-widget elementor-widget-text-editor\" data-id=\"0d52600\" data-element_type=\"widget\" data-e-type=\"widget\" data-widget_type=\"text-editor.default\">\n\t\t\t\t<div class=\"elementor-widget-container\">\n\t\t\t\t\t\t\t\t\t<p style=\"color: white!important;\">Aufgrund dieser Zertifizierung verf\u00fcgt Cantin \u00fcber ein Qualit\u00e4tsmanagementsystem\ndas es ihr erm\u00f6glicht, ihren Produktionsprozess st\u00e4ndig zu kontrollieren.<\/p>\t\t\t\t\t\t\t\t<\/div>\n\t\t\t\t<\/div>\n\t\t\t\t\t<\/div>\n\t\t<\/div>\n\t\t\t\t\t<\/div>\n\t\t<\/section>\n\t\t\t\t<\/div>","protected":false},"excerpt":{"rendered":"<p>R\u00e9activit\u00e9, ma\u00eetrise et qualit\u00e9 Notre sp\u00e9cialit\u00e9 est l&rsquo;usinage par commande num\u00e9rique CNC de pi\u00e8ces tourn\u00e9es et frais\u00e9es complexes dans des mat\u00e9riaux de qualit\u00e9 et destin\u00e9es \u00e0 la construction de machines et d&rsquo;installations dans des secteurs d\u2019activit\u00e9s tr\u00e8s diversifi\u00e9s. Notre gamme de service comprend la r\u00e9alisation du dossier de production, l&rsquo;usinage en s\u00e9rie de pi\u00e8ces tourn\u00e9es [&hellip;]<\/p>\n","protected":false},"author":1,"featured_media":1251,"parent":0,"menu_order":0,"comment_status":"closed","ping_status":"closed","template":"tpl-default-elementor.php","meta":{"footnotes":""},"class_list":["post-1654","page","type-page","status-publish","has-post-thumbnail","hentry"],"_links":{"self":[{"href":"https:\/\/www.cantin.ch\/de\/wp-json\/wp\/v2\/pages\/1654","targetHints":{"allow":["GET"]}}],"collection":[{"href":"https:\/\/www.cantin.ch\/de\/wp-json\/wp\/v2\/pages"}],"about":[{"href":"https:\/\/www.cantin.ch\/de\/wp-json\/wp\/v2\/types\/page"}],"author":[{"embeddable":true,"href":"https:\/\/www.cantin.ch\/de\/wp-json\/wp\/v2\/users\/1"}],"replies":[{"embeddable":true,"href":"https:\/\/www.cantin.ch\/de\/wp-json\/wp\/v2\/comments?post=1654"}],"version-history":[{"count":0,"href":"https:\/\/www.cantin.ch\/de\/wp-json\/wp\/v2\/pages\/1654\/revisions"}],"wp:featuredmedia":[{"embeddable":true,"href":"https:\/\/www.cantin.ch\/de\/wp-json\/wp\/v2\/media\/1251"}],"wp:attachment":[{"href":"https:\/\/www.cantin.ch\/de\/wp-json\/wp\/v2\/media?parent=1654"}],"curies":[{"name":"wp","href":"https:\/\/api.w.org\/{rel}","templated":true}]}}