{"id":1714,"date":"2023-04-27T13:18:36","date_gmt":"2023-04-27T11:18:36","guid":{"rendered":"https:\/\/www.cantin.ch\/?page_id=1714"},"modified":"2023-06-01T15:40:36","modified_gmt":"2023-06-01T13:40:36","slug":"unternehmen","status":"publish","type":"page","link":"https:\/\/www.cantin.ch\/de\/entreprise\/","title":{"rendered":"Unternehmen"},"content":{"rendered":"<div data-elementor-type=\"wp-page\" data-elementor-id=\"1714\" class=\"elementor elementor-1714\" data-elementor-post-type=\"page\">\n\t\t\t\t\t\t<section class=\"elementor-section elementor-top-section elementor-element elementor-element-c8693ca elementor-section-content-middle elementor-section-boxed elementor-section-height-default elementor-section-height-default\" data-id=\"c8693ca\" data-element_type=\"section\" data-e-type=\"section\">\n\t\t\t\t\t\t<div class=\"elementor-container elementor-column-gap-default\">\n\t\t\t\t\t<div class=\"elementor-column elementor-col-50 elementor-top-column elementor-element elementor-element-f4051b0\" data-id=\"f4051b0\" data-element_type=\"column\" data-e-type=\"column\">\n\t\t\t<div class=\"elementor-widget-wrap elementor-element-populated\">\n\t\t\t\t\t\t<div class=\"elementor-element elementor-element-0fa97f2 elementor-widget elementor-widget-heading\" data-id=\"0fa97f2\" data-element_type=\"widget\" data-e-type=\"widget\" data-widget_type=\"heading.default\">\n\t\t\t\t<div class=\"elementor-widget-container\">\n\t\t\t\t\t<h2 class=\"elementor-heading-title elementor-size-default\">Wer sind wir?<\/h2>\t\t\t\t<\/div>\n\t\t\t\t<\/div>\n\t\t\t\t<div class=\"elementor-element elementor-element-c5f9bc8 elementor-widget elementor-widget-text-editor\" data-id=\"c5f9bc8\" data-element_type=\"widget\" data-e-type=\"widget\" data-widget_type=\"text-editor.default\">\n\t\t\t\t<div class=\"elementor-widget-container\">\n\t\t\t\t\t\t\t\t\t<p>Cantin entwickelt seit 30 Jahren sein Know-how in der Zulieferindustrie\u00a0<a href=\"https:\/\/www.cantin.ch\/de\/feinmechanische-prazisionstolerierung-in-der-schweiz\/\">Blechbearbeitung<\/a>. Cantin bietet seinen Kunden dank seiner f\u00fcnf Gesch\u00e4ftsbereiche eine globale L\u00f6sung an, d. h. die\u00a0<a href=\"https:\/\/www.cantin.ch\/de\/schweizerisches-studienburo-fur-industrielle-toleranz\/\">technische Gestaltung<\/a>, Blechbearbeitung (<a href=\"https:\/\/www.cantin.ch\/de\/industrieller-wasserstrahlschnitt-von-blechen\/\">Ausschnitt<\/a>,\u00a0<a href=\"https:\/\/www.cantin.ch\/de\/biegen-in-der-industriellen-tolerie\/\">Falten<\/a>\u00a0und\u00a0<a href=\"https:\/\/www.cantin.ch\/de\/schweisen-in-der-industriellen-tolerierung\/\">Schwei\u00dfen<\/a>), der\u00a0<a href=\"https:\/\/www.cantin.ch\/de\/montage-und-zusammenbau-in-industrieller-tolerie\/\">Montage<\/a>\u00a0und die\u00a0<a href=\"https:\/\/www.cantin.ch\/de\/industrielle-lackierung-in-tolerie-2\/\">Malerei<\/a>. Unser Erfolg beruht darauf, dass wir die Bed\u00fcrfnisse unserer Kunden verstehen und die uns anvertrauten Arbeiten gem\u00e4\u00df ihren Erwartungen ausf\u00fchren, indem wir <a href=\"https:\/\/www.cantin.ch\/de\/qualitatskontrolle-bei-tolerie-und-mechanik\/\">Qualit\u00e4tsbegriff<\/a>Die Mitarbeiterinnen und Mitarbeiter waren sehr zufrieden mit der Qualit\u00e4t ihrer Arbeit. Dieser Erfolg ist dank des Know-hows unserer Mitarbeiter, ihrer Reaktionsf\u00e4higkeit und des Einsatzes eines Parks von <a href=\"https:\/\/www.cantin.ch\/wp-content\/uploads\/CANTIN-parcMachine.pdf\">Maschinen der neuesten Generation<\/a>. Cantin gew\u00e4hrleistet so vom <a href=\"https:\/\/www.cantin.ch\/de\/schweizerisches-studienburo-fur-industrielle-toleranz\/\">Konzept<\/a> bis zum fertigen Produkt, vom Prototyp bis zur Serie, einfache und komplexe Realisierungen f\u00fcr Kunden aus den unterschiedlichsten Branchen.<\/p><hr class=\"no_line\" \/><p>Durch seine <a href=\"https:\/\/www.cantin.ch\/de\/lean-management-und-global-process\/\">Management und sein System<\/a> Produktionsst\u00e4tten profiliert sich Cantin als das Referenzunternehmen in seinem Bereich. Dank seiner <a href=\"https:\/\/www.cantin.ch\/wp-content\/uploads\/CANTIN-parcMachine.pdf\">Anlagen der neuesten Generation<\/a>, das Know-how von\u00a0<a href=\"https:\/\/www.cantin.ch\/de\/unser-team\/\">qualifizierte Mitarbeiter<\/a>\u00a0und seiner Entscheidung f\u00fcr den Umweltschutz bietet Ihnen unser Unternehmen Dienstleistungen und Produkte von h\u00f6chster Qualit\u00e4t. <a href=\"https:\/\/www.cantin.ch\/de\/qualitatskontrolle-bei-tolerie-und-mechanik\/\">erste Qualit\u00e4t<\/a><\/p>\t\t\t\t\t\t\t\t<\/div>\n\t\t\t\t<\/div>\n\t\t\t\t\t<\/div>\n\t\t<\/div>\n\t\t\t\t<div class=\"elementor-column elementor-col-50 elementor-top-column elementor-element elementor-element-9eb74bd\" data-id=\"9eb74bd\" data-element_type=\"column\" data-e-type=\"column\">\n\t\t\t<div class=\"elementor-widget-wrap elementor-element-populated\">\n\t\t\t\t\t\t<div class=\"elementor-element elementor-element-deb8bf2 elementor-widget elementor-widget-image\" data-id=\"deb8bf2\" data-element_type=\"widget\" data-e-type=\"widget\" data-widget_type=\"image.default\">\n\t\t\t\t<div class=\"elementor-widget-container\">\n\t\t\t\t\t\t\t\t\t\t\t\t\t\t\t<img fetchpriority=\"high\" decoding=\"async\" width=\"525\" height=\"474\" src=\"https:\/\/www.cantin.ch\/wp-content\/uploads\/cantin-group.jpg\" class=\"attachment-large size-large wp-image-1809\" alt=\"Dreiteiliges Bild, das das Geb\u00e4ude von Cantin in Domdidier, die Produktion und das Logo von Cantin zeigt.\" srcset=\"https:\/\/www.cantin.ch\/wp-content\/uploads\/cantin-group.jpg 576w, https:\/\/www.cantin.ch\/wp-content\/uploads\/cantin-group-300x271.jpg 300w\" sizes=\"(max-width: 525px) 100vw, 525px\" \/>\t\t\t\t\t\t\t\t\t\t\t\t\t\t\t<\/div>\n\t\t\t\t<\/div>\n\t\t\t\t\t<\/div>\n\t\t<\/div>\n\t\t\t\t\t<\/div>\n\t\t<\/section>\n\t\t\t\t<section class=\"elementor-section elementor-top-section elementor-element elementor-element-aa14c5d elementor-section-full_width elementor-section-height-default elementor-section-height-default\" data-id=\"aa14c5d\" data-element_type=\"section\" data-e-type=\"section\">\n\t\t\t\t\t\t<div class=\"elementor-container elementor-column-gap-default\">\n\t\t\t\t\t<div class=\"elementor-column elementor-col-100 elementor-top-column elementor-element elementor-element-0f309b9\" data-id=\"0f309b9\" data-element_type=\"column\" data-e-type=\"column\">\n\t\t\t<div class=\"elementor-widget-wrap elementor-element-populated\">\n\t\t\t\t\t\t<div class=\"elementor-element elementor-element-1b44691 elementor-widget elementor-widget-roonix_our_history\" data-id=\"1b44691\" data-element_type=\"widget\" data-e-type=\"widget\" data-widget_type=\"roonix_our_history.default\">\n\t\t\t\t<div class=\"elementor-widget-container\">\n\t\t\t\t\t    \r\n    <section class=\"history-section\">\r\n        <div class=\"auto-container\">\r\n                        <!-- Sec Title -->\r\n            <div class=\"sec-title centered\">\r\n                <div class=\"title\">Die wichtigsten Momente unserer \u00fcber 30-j\u00e4hrigen Geschichte<\/div>                <h2>Geschichte<\/h2>            <\/div>\r\n                                                <!-- History Block -->\r\n            <div class=\"history-block\">\r\n                <div class=\"inner-box\">\r\n                    <div class=\"content\">\r\n                        <div class=\"year\">1986<\/div>                        <h3>Beginn der Blechbearbeitung<\/h3>                                            <\/div>\r\n                <\/div>\r\n            <\/div>\r\n                                                <!-- History Block -->\r\n            <div class=\"history-block\">\r\n                <div class=\"inner-box\">\r\n                    <div class=\"content\">\r\n                        <div class=\"year\">1994<\/div>                        <h3>Erwerb des ersten Geb\u00e4udes<\/h3>                                            <\/div>\r\n                <\/div>\r\n            <\/div>\r\n                                                <!-- History Block -->\r\n            <div class=\"history-block\">\r\n                <div class=\"inner-box\">\r\n                    <div class=\"content\">\r\n                        <div class=\"year\">2001<\/div>                        <h3>Bau von Halle 2<\/h3>                                            <\/div>\r\n                <\/div>\r\n            <\/div>\r\n                                                <!-- History Block -->\r\n            <div class=\"history-block\">\r\n                <div class=\"inner-box\">\r\n                    <div class=\"content\">\r\n                        <div class=\"year\">2005<\/div>                        <h3>Bau von Halle 3 und Automatisierung der Produktion mit der Einrichtung eines computergesteuerten Lagerhauses<\/h3>                                            <\/div>\r\n                <\/div>\r\n            <\/div>\r\n                                                <!-- History Block -->\r\n            <div class=\"history-block\">\r\n                <div class=\"inner-box\">\r\n                    <div class=\"content\">\r\n                        <div class=\"year\">2008<\/div>                        <h3>Bau von Halle 4, Halle 5. Start des Gesch\u00e4ftsbereichs Thermolackierung und mechanische Bearbeitung<\/h3>                                            <\/div>\r\n                <\/div>\r\n            <\/div>\r\n                                                <!-- History Block -->\r\n            <div class=\"history-block\">\r\n                <div class=\"inner-box\">\r\n                    <div class=\"content\">\r\n                        <div class=\"year\">2012<\/div>                        <h3>ISO 9001:2008-Zertifizierung, \u00dcbernahme des Unternehmens durch Ducry Holding<\/h3>                                            <\/div>\r\n                <\/div>\r\n            <\/div>\r\n                                                <!-- History Block -->\r\n            <div class=\"history-block\">\r\n                <div class=\"inner-box\">\r\n                    <div class=\"content\">\r\n                        <div class=\"year\">2016<\/div>                        <h3>Organisation des Unternehmens nach dem Lean Management und Abl\u00f6sung des ERP-Systems Clipper<\/h3>                                            <\/div>\r\n                <\/div>\r\n            <\/div>\r\n                                <\/div>\r\n    <\/section>\r\n  \r\n    \t\t\t\t<\/div>\n\t\t\t\t<\/div>\n\t\t\t\t\t<\/div>\n\t\t<\/div>\n\t\t\t\t\t<\/div>\n\t\t<\/section>\n\t\t\t\t<\/div>","protected":false},"excerpt":{"rendered":"<p>Qui sommes-nous ? Cantin d\u00e9veloppe depuis 30 ans son savoir-faire dans la sous-traitance&nbsp;t\u00f4lerie. Cantin propose une solution globale \u00e0 ses clients gr\u00e2ce a\u0300 ses cinq secteurs d\u2019activit\u00e9 soit la&nbsp;conception technique, la t\u00f4lerie (d\u00e9coupage,&nbsp;pliage&nbsp;et&nbsp;soudage), le&nbsp;montage&nbsp;et&nbsp;la&nbsp;peinture. Notre succ\u00e8s repose sur la compr\u00e9hension des besoins de nos clients et une r\u00e9alisation des travaux confi\u00e9s selon leurs attentes en [&hellip;]<\/p>\n","protected":false},"author":1,"featured_media":1204,"parent":0,"menu_order":0,"comment_status":"closed","ping_status":"closed","template":"tpl-default-elementor.php","meta":{"footnotes":""},"class_list":["post-1714","page","type-page","status-publish","has-post-thumbnail","hentry"],"_links":{"self":[{"href":"https:\/\/www.cantin.ch\/de\/wp-json\/wp\/v2\/pages\/1714","targetHints":{"allow":["GET"]}}],"collection":[{"href":"https:\/\/www.cantin.ch\/de\/wp-json\/wp\/v2\/pages"}],"about":[{"href":"https:\/\/www.cantin.ch\/de\/wp-json\/wp\/v2\/types\/page"}],"author":[{"embeddable":true,"href":"https:\/\/www.cantin.ch\/de\/wp-json\/wp\/v2\/users\/1"}],"replies":[{"embeddable":true,"href":"https:\/\/www.cantin.ch\/de\/wp-json\/wp\/v2\/comments?post=1714"}],"version-history":[{"count":0,"href":"https:\/\/www.cantin.ch\/de\/wp-json\/wp\/v2\/pages\/1714\/revisions"}],"wp:featuredmedia":[{"embeddable":true,"href":"https:\/\/www.cantin.ch\/de\/wp-json\/wp\/v2\/media\/1204"}],"wp:attachment":[{"href":"https:\/\/www.cantin.ch\/de\/wp-json\/wp\/v2\/media?parent=1714"}],"curies":[{"name":"wp","href":"https:\/\/api.w.org\/{rel}","templated":true}]}}