{"id":1717,"date":"2023-04-27T13:21:22","date_gmt":"2023-04-27T11:21:22","guid":{"rendered":"https:\/\/www.cantin.ch\/?page_id=1717"},"modified":"2023-05-26T01:11:47","modified_gmt":"2023-05-25T23:11:47","slug":"unsere-werte","status":"publish","type":"page","link":"https:\/\/www.cantin.ch\/de\/nos-valeurs\/","title":{"rendered":"Unsere Werte"},"content":{"rendered":"<div data-elementor-type=\"wp-page\" data-elementor-id=\"1717\" class=\"elementor elementor-1717\" data-elementor-post-type=\"page\">\n\t\t\t\t\t\t<section class=\"elementor-section elementor-top-section elementor-element elementor-element-c8693ca elementor-section-content-middle elementor-section-boxed elementor-section-height-default elementor-section-height-default\" data-id=\"c8693ca\" data-element_type=\"section\" data-e-type=\"section\">\n\t\t\t\t\t\t<div class=\"elementor-container elementor-column-gap-default\">\n\t\t\t\t\t<div class=\"elementor-column elementor-col-50 elementor-top-column elementor-element elementor-element-f4051b0\" data-id=\"f4051b0\" data-element_type=\"column\" data-e-type=\"column\">\n\t\t\t<div class=\"elementor-widget-wrap elementor-element-populated\">\n\t\t\t\t\t\t<div class=\"elementor-element elementor-element-0fa97f2 elementor-widget elementor-widget-heading\" data-id=\"0fa97f2\" data-element_type=\"widget\" data-e-type=\"widget\" data-widget_type=\"heading.default\">\n\t\t\t\t<div class=\"elementor-widget-container\">\n\t\t\t\t\t<h2 class=\"elementor-heading-title elementor-size-default\">Unsere Aufgabe<\/h2>\t\t\t\t<\/div>\n\t\t\t\t<\/div>\n\t\t\t\t<div class=\"elementor-element elementor-element-c5f9bc8 elementor-widget elementor-widget-text-editor\" data-id=\"c5f9bc8\" data-element_type=\"widget\" data-e-type=\"widget\" data-widget_type=\"text-editor.default\">\n\t\t\t\t<div class=\"elementor-widget-container\">\n\t\t\t\t\t\t\t\t\t<p>Als Subunternehmer in den Berufen der <a href=\"https:\/\/www.cantin.ch\/de\/feinmechanische-prazisionstolerierung-in-der-schweiz\/\">Blechbearbeitung<\/a>vom <a href=\"https:\/\/www.cantin.ch\/de\/montage-und-zusammenbau-in-industrieller-tolerie\/\">Montage<\/a> der <a href=\"https:\/\/www.cantin.ch\/de\/industrielle-lackierung-in-tolerie-2\/\">Malerei<\/a> und die <a href=\"https:\/\/www.cantin.ch\/de\/mechanische-prazisionsbearbeitung-in-der-schweiz\/\">mechanisch<\/a>Unsere Aufgabe ist es, zur Wertsch\u00f6pfungskette unserer Kunden beizutragen. Wir unterst\u00fctzen unsere Kunden bei der Verwirklichung ihrer Ambitionen und Projekte, indem wir eine Gesamtl\u00f6sung anbieten, die von der <a href=\"https:\/\/www.cantin.ch\/de\/schweizerisches-studienburo-fur-industrielle-toleranz\/\">Gestaltung<\/a> bis zur Herstellung und vom Prototypen bis zur Serie. Mit modernster Technologie und den hervorragenden F\u00e4higkeiten unserer Mitarbeiter und Teams verarbeiten wir die verschiedenen Materialien, um in k\u00fcrzester Zeit die <a href=\"https:\/\/www.cantin.ch\/de\/qualitatskontrolle-bei-tolerie-und-mechanik\/\">Qualit\u00e4t zu den Produkten<\/a> aus jeder Industrie<\/p>\t\t\t\t\t\t\t\t<\/div>\n\t\t\t\t<\/div>\n\t\t\t\t\t<\/div>\n\t\t<\/div>\n\t\t\t\t<div class=\"elementor-column elementor-col-50 elementor-top-column elementor-element elementor-element-9eb74bd\" data-id=\"9eb74bd\" data-element_type=\"column\" data-e-type=\"column\">\n\t\t\t<div class=\"elementor-widget-wrap elementor-element-populated\">\n\t\t\t\t\t\t<div class=\"elementor-element elementor-element-deb8bf2 elementor-widget elementor-widget-image\" data-id=\"deb8bf2\" data-element_type=\"widget\" data-e-type=\"widget\" data-widget_type=\"image.default\">\n\t\t\t\t<div class=\"elementor-widget-container\">\n\t\t\t\t\t\t\t\t\t\t\t\t\t\t\t<img fetchpriority=\"high\" decoding=\"async\" width=\"525\" height=\"474\" src=\"https:\/\/www.cantin.ch\/wp-content\/uploads\/mission.png\" class=\"attachment-large size-large wp-image-1813\" alt=\"In zwei Teile geteiltes Bild, das einen Mechaniker bei der Bedienung einer Blechbearbeitungsmaschine und beim Schwei\u00dfen eines Blechteils zeigt.\" srcset=\"https:\/\/www.cantin.ch\/wp-content\/uploads\/mission.png 576w, https:\/\/www.cantin.ch\/wp-content\/uploads\/mission-300x271.png 300w\" sizes=\"(max-width: 525px) 100vw, 525px\" \/>\t\t\t\t\t\t\t\t\t\t\t\t\t\t\t<\/div>\n\t\t\t\t<\/div>\n\t\t\t\t\t<\/div>\n\t\t<\/div>\n\t\t\t\t\t<\/div>\n\t\t<\/section>\n\t\t\t\t<section class=\"elementor-section elementor-top-section elementor-element elementor-element-15d5c36 elementor-section-full_width elementor-section-content-middle elementor-section-height-default elementor-section-height-default\" data-id=\"15d5c36\" data-element_type=\"section\" data-e-type=\"section\" data-settings=\"{&quot;background_background&quot;:&quot;classic&quot;}\">\n\t\t\t\t\t\t<div class=\"elementor-container elementor-column-gap-default\">\n\t\t\t\t\t<div class=\"elementor-column elementor-col-100 elementor-top-column elementor-element elementor-element-bd112a3\" data-id=\"bd112a3\" data-element_type=\"column\" data-e-type=\"column\">\n\t\t\t<div class=\"elementor-widget-wrap elementor-element-populated\">\n\t\t\t\t\t\t<div class=\"elementor-element elementor-element-6629b91 elementor-widget elementor-widget-heading\" data-id=\"6629b91\" data-element_type=\"widget\" data-e-type=\"widget\" data-widget_type=\"heading.default\">\n\t\t\t\t<div class=\"elementor-widget-container\">\n\t\t\t\t\t<h2 class=\"elementor-heading-title elementor-size-default\">Unsere Werte<\/h2>\t\t\t\t<\/div>\n\t\t\t\t<\/div>\n\t\t\t\t<div class=\"elementor-element elementor-element-0d52600 elementor-widget__width-initial elementor-widget-tablet__width-initial elementor-widget elementor-widget-text-editor\" data-id=\"0d52600\" data-element_type=\"widget\" data-e-type=\"widget\" data-widget_type=\"text-editor.default\">\n\t\t\t\t<div class=\"elementor-widget-container\">\n\t\t\t\t\t\t\t\t\t<p style=\"color:white;\">Unsere Werte leiten unser t\u00e4gliches Verhalten und sind somit ein Garant f\u00fcr Erfolg und Nachhaltigkeit. Sie sind sowohl eine kollektive Verpflichtung als auch eine individuelle Anforderung. Gegen\u00fcber unseren Mitarbeitern, Kunden, Lieferanten, Konkurrenten, aber vor allem gegen\u00fcber uns selbst verpflichten wir uns, diese Werte in gegenseitigem Respekt zu leben.<\/p>\t\t\t\t\t\t\t\t<\/div>\n\t\t\t\t<\/div>\n\t\t\t\t\t<\/div>\n\t\t<\/div>\n\t\t\t\t\t<\/div>\n\t\t<\/section>\n\t\t\t\t<section class=\"elementor-section elementor-top-section elementor-element elementor-element-652d06f elementor-section-content-top elementor-reverse-mobile elementor-section-boxed elementor-section-height-default elementor-section-height-default\" data-id=\"652d06f\" data-element_type=\"section\" data-e-type=\"section\">\n\t\t\t\t\t\t<div class=\"elementor-container elementor-column-gap-default\">\n\t\t\t\t\t<div class=\"elementor-column elementor-col-50 elementor-top-column elementor-element elementor-element-711048e\" data-id=\"711048e\" data-element_type=\"column\" data-e-type=\"column\">\n\t\t\t<div class=\"elementor-widget-wrap elementor-element-populated\">\n\t\t\t\t\t\t<div class=\"elementor-element elementor-element-5045108 elementor-widget elementor-widget-heading\" data-id=\"5045108\" data-element_type=\"widget\" data-e-type=\"widget\" data-widget_type=\"heading.default\">\n\t\t\t\t<div class=\"elementor-widget-container\">\n\t\t\t\t\t<h3 class=\"elementor-heading-title elementor-size-default\">Die Zufriedenheit des Klienten<\/h3>\t\t\t\t<\/div>\n\t\t\t\t<\/div>\n\t\t\t\t<div class=\"elementor-element elementor-element-514c40e elementor-widget elementor-widget-heading\" data-id=\"514c40e\" data-element_type=\"widget\" data-e-type=\"widget\" data-widget_type=\"heading.default\">\n\t\t\t\t<div class=\"elementor-widget-container\">\n\t\t\t\t\t<h2 class=\"elementor-heading-title elementor-size-default\">Um die Kundenbindung und unseren Ruf zu erh\u00f6hen<\/h2>\t\t\t\t<\/div>\n\t\t\t\t<\/div>\n\t\t\t\t<div class=\"elementor-element elementor-element-2649fa4 elementor-widget elementor-widget-text-editor\" data-id=\"2649fa4\" data-element_type=\"widget\" data-e-type=\"widget\" data-widget_type=\"text-editor.default\">\n\t\t\t\t<div class=\"elementor-widget-container\">\n\t\t\t\t\t\t\t\t\t<div class=\"column mcb-column one column_column column-margin-\"><div class=\"column_attr clearfix\"><p>Wir wollen hervorragend darin sein, unseren Kunden zuzuh\u00f6ren, ihre ausgesprochenen und latenten Bed\u00fcrfnisse zu erkennen, um ihre Bed\u00fcrfnisse professionell, reaktionsschnell und schnell zu erf\u00fcllen. Wir streben st\u00e4ndig nach Verbesserungen <a href=\"https:\/\/www.cantin.ch\/de\/lean-management-und-global-process\/\">unsere Prozesse und unsere Effizienz<\/a> um unsere Leistung zu optimieren. Wir entwickeln Zusammenarbeit, Austausch und Loyalit\u00e4t, um ihre Erwartungen besser erf\u00fcllen zu k\u00f6nnen.<\/p><p>Wir wollen kontinuierlich die von unseren Kunden erwartete Leistung nach ihren Standards erbringen, indem wir <a href=\"https:\/\/www.cantin.ch\/de\/qualitatskontrolle-bei-tolerie-und-mechanik\/\">Qualit\u00e4tsbegriff<\/a> und Fristen, indem sie danach streben, immer besser zu werden, noch professioneller zu sein. Die Zufriedenheit des Kunden ist eine Forderung nach Kompetenz, Fachwissen, Genauigkeit, Sicherheit, Liebe zum Beruf und zur gut gemachten Arbeit. Es ist auch eine Anforderung an Antizipation und Kreativit\u00e4t: Seien wir immer an der Spitze, denken wir an morgen.<\/p><\/div><\/div>\t\t\t\t\t\t\t\t<\/div>\n\t\t\t\t<\/div>\n\t\t\t\t\t<\/div>\n\t\t<\/div>\n\t\t\t\t<div class=\"elementor-column elementor-col-50 elementor-top-column elementor-element elementor-element-bcdf959\" data-id=\"bcdf959\" data-element_type=\"column\" data-e-type=\"column\">\n\t\t\t<div class=\"elementor-widget-wrap elementor-element-populated\">\n\t\t\t\t\t\t<div class=\"elementor-element elementor-element-3d6ac14 elementor-widget elementor-widget-heading\" data-id=\"3d6ac14\" data-element_type=\"widget\" data-e-type=\"widget\" data-widget_type=\"heading.default\">\n\t\t\t\t<div class=\"elementor-widget-container\">\n\t\t\t\t\t<h3 class=\"elementor-heading-title elementor-size-default\">Teamgeist<\/h3>\t\t\t\t<\/div>\n\t\t\t\t<\/div>\n\t\t\t\t<div class=\"elementor-element elementor-element-8070f80 elementor-widget elementor-widget-heading\" data-id=\"8070f80\" data-element_type=\"widget\" data-e-type=\"widget\" data-widget_type=\"heading.default\">\n\t\t\t\t<div class=\"elementor-widget-container\">\n\t\t\t\t\t<h2 class=\"elementor-heading-title elementor-size-default\">um die Solidarit\u00e4t und die Synergien zwischen den Mitarbeitern zu st\u00e4rken<\/h2>\t\t\t\t<\/div>\n\t\t\t\t<\/div>\n\t\t\t\t<div class=\"elementor-element elementor-element-18484f4 elementor-widget elementor-widget-text-editor\" data-id=\"18484f4\" data-element_type=\"widget\" data-e-type=\"widget\" data-widget_type=\"text-editor.default\">\n\t\t\t\t<div class=\"elementor-widget-container\">\n\t\t\t\t\t\t\t\t\t<div class=\"column mcb-column one column_column column-margin-\"><div class=\"column_attr clearfix\"><p>Teamgeist bedeutet in erster Linie, Erfahrungen auszutauschen, Wissen zu teilen und Know-how weiterzugeben. Es bedeutet auch, ver\u00e4nderungsf\u00e4hig, mobil, verf\u00fcgbar und offen f\u00fcr andere zu sein. Es bedeutet, das Team und das Unternehmen in den Vordergrund zu stellen.<\/p><p>Teamgeist bedeutet, eine positive, enthusiastische und mutige Einstellung zu haben. Es bedeutet, den Siegeswillen, den Eroberungsdrang, die Lernbereitschaft und die Bereitschaft, seine beruflichen Kenntnisse auf dem neuesten Stand zu halten, zu teilen. Es bedeutet, sich zu trauen, die Dinge auszusprechen und Ziele, Anweisungen und Erwartungen klar zu kommunizieren. Es ist der Geist des Wettbewerbs in Solidarit\u00e4t und Respekt f\u00fcr den anderen. Es ist der Wunsch, gemeinsam etwas zu unternehmen, aufzubauen und erfolgreich zu sein.<\/p><\/div><\/div>\t\t\t\t\t\t\t\t<\/div>\n\t\t\t\t<\/div>\n\t\t\t\t\t<\/div>\n\t\t<\/div>\n\t\t\t\t\t<\/div>\n\t\t<\/section>\n\t\t\t\t<\/div>","protected":false},"excerpt":{"rendered":"<p>Notre mission En tant que sous-traitant dans les m\u00e9tiers de la t\u00f4lerie, du montage de la peinture et la m\u00e9canique, notre mission est de contribuer \u00e0 la cha\u00eene de valeur de nos clients. Nous accompagnons nos clients dans la r\u00e9alisation de leurs ambitions et de leurs projets en proposant, une solution globale, allant de la [&hellip;]<\/p>\n","protected":false},"author":1,"featured_media":1204,"parent":0,"menu_order":0,"comment_status":"closed","ping_status":"closed","template":"tpl-default-elementor.php","meta":{"footnotes":""},"class_list":["post-1717","page","type-page","status-publish","has-post-thumbnail","hentry"],"_links":{"self":[{"href":"https:\/\/www.cantin.ch\/de\/wp-json\/wp\/v2\/pages\/1717","targetHints":{"allow":["GET"]}}],"collection":[{"href":"https:\/\/www.cantin.ch\/de\/wp-json\/wp\/v2\/pages"}],"about":[{"href":"https:\/\/www.cantin.ch\/de\/wp-json\/wp\/v2\/types\/page"}],"author":[{"embeddable":true,"href":"https:\/\/www.cantin.ch\/de\/wp-json\/wp\/v2\/users\/1"}],"replies":[{"embeddable":true,"href":"https:\/\/www.cantin.ch\/de\/wp-json\/wp\/v2\/comments?post=1717"}],"version-history":[{"count":0,"href":"https:\/\/www.cantin.ch\/de\/wp-json\/wp\/v2\/pages\/1717\/revisions"}],"wp:featuredmedia":[{"embeddable":true,"href":"https:\/\/www.cantin.ch\/de\/wp-json\/wp\/v2\/media\/1204"}],"wp:attachment":[{"href":"https:\/\/www.cantin.ch\/de\/wp-json\/wp\/v2\/media?parent=1717"}],"curies":[{"name":"wp","href":"https:\/\/api.w.org\/{rel}","templated":true}]}}