{"id":1719,"date":"2023-04-27T13:22:03","date_gmt":"2023-04-27T11:22:03","guid":{"rendered":"https:\/\/www.cantin.ch\/?page_id=1719"},"modified":"2024-03-20T17:57:31","modified_gmt":"2024-03-20T16:57:31","slug":"unser-team","status":"publish","type":"page","link":"https:\/\/www.cantin.ch\/de\/notre-equipe\/","title":{"rendered":"Team"},"content":{"rendered":"<div data-elementor-type=\"wp-page\" data-elementor-id=\"1719\" class=\"elementor elementor-1719\" data-elementor-post-type=\"page\">\n\t\t\t\t\t\t<section class=\"elementor-section elementor-top-section elementor-element elementor-element-c8693ca elementor-section-content-middle elementor-section-boxed elementor-section-height-default elementor-section-height-default\" data-id=\"c8693ca\" data-element_type=\"section\" data-e-type=\"section\">\n\t\t\t\t\t\t<div class=\"elementor-container elementor-column-gap-default\">\n\t\t\t\t\t<div class=\"elementor-column elementor-col-100 elementor-top-column elementor-element elementor-element-f4051b0\" data-id=\"f4051b0\" data-element_type=\"column\" data-e-type=\"column\">\n\t\t\t<div class=\"elementor-widget-wrap elementor-element-populated\">\n\t\t\t\t\t\t<div class=\"elementor-element elementor-element-0fa97f2 elementor-widget elementor-widget-heading\" data-id=\"0fa97f2\" data-element_type=\"widget\" data-e-type=\"widget\" data-widget_type=\"heading.default\">\n\t\t\t\t<div class=\"elementor-widget-container\">\n\t\t\t\t\t<h2 class=\"elementor-heading-title elementor-size-default\">Unsere Fachleute verpflichten sich, Ihre Anforderungen zu erf\u00fcllen und die gew\u00fcnschte Qualit\u00e4t zu garantieren.<\/h2>\t\t\t\t<\/div>\n\t\t\t\t<\/div>\n\t\t\t\t<div class=\"elementor-element elementor-element-c5f9bc8 elementor-widget elementor-widget-text-editor\" data-id=\"c5f9bc8\" data-element_type=\"widget\" data-e-type=\"widget\" data-widget_type=\"text-editor.default\">\n\t\t\t\t<div class=\"elementor-widget-container\">\n\t\t\t\t\t\t\t\t\t<p>Die Qualit\u00e4t zu verbessern, die Fristen zu verk\u00fcrzen, die Produktivit\u00e4t zu steigern und die Lagerbest\u00e4nde zu reduzieren, sind strategische Herausforderungen in Schweizer Unternehmen.<\/p><p>Vor dem Hintergrund des starken Schweizer Frankens hat die Firma Cantin beschlossen, ihr Konstruktionsb\u00fcro zu verst\u00e4rken, um globale L\u00f6sungen anbieten zu k\u00f6nnen: Die Kunden haben von der Projektkonzeption bis zur Produktion der Teile oder Maschinen nur einen einzigen Ansprechpartner!<br \/>Unser Team, das aus Experten f\u00fcr industrielle Blechbearbeitung und Mechanik in der Schweiz besteht, steht Ihnen zur Verf\u00fcgung, um Sie zu begleiten!<\/p>\t\t\t\t\t\t\t\t<\/div>\n\t\t\t\t<\/div>\n\t\t\t\t\t<\/div>\n\t\t<\/div>\n\t\t\t\t\t<\/div>\n\t\t<\/section>\n\t\t\t\t<section class=\"elementor-section elementor-top-section elementor-element elementor-element-39d1176 elementor-section-content-middle elementor-section-boxed elementor-section-height-default elementor-section-height-default\" data-id=\"39d1176\" data-element_type=\"section\" data-e-type=\"section\" data-settings=\"{&quot;background_background&quot;:&quot;classic&quot;}\">\n\t\t\t\t\t\t<div class=\"elementor-container elementor-column-gap-default\">\n\t\t\t\t\t<div class=\"elementor-column elementor-col-100 elementor-top-column elementor-element elementor-element-af543f0\" data-id=\"af543f0\" data-element_type=\"column\" data-e-type=\"column\">\n\t\t\t<div class=\"elementor-widget-wrap elementor-element-populated\">\n\t\t\t\t\t\t<div class=\"elementor-element elementor-element-999cf70 elementor-widget elementor-widget-heading\" data-id=\"999cf70\" data-element_type=\"widget\" data-e-type=\"widget\" data-widget_type=\"heading.default\">\n\t\t\t\t<div class=\"elementor-widget-container\">\n\t\t\t\t\t<h2 class=\"elementor-heading-title elementor-size-default\">VERWALTUNGSRAT<\/h2>\t\t\t\t<\/div>\n\t\t\t\t<\/div>\n\t\t\t\t<div class=\"elementor-element elementor-element-ad28559 elementor-widget elementor-widget-roonix_our_team_v6\" data-id=\"ad28559\" data-element_type=\"widget\" data-e-type=\"widget\" data-widget_type=\"roonix_our_team_v6.default\">\n\t\t\t\t<div class=\"elementor-widget-container\">\n\t\t\t\t\t            <!-- Team Section -->\r\n            <section class=\"team-section\">\r\n                <div class=\"auto-container\">\r\n                                        <div class=\"row clearfix\">\r\n\r\n                                                    <!-- Team Block -->\r\n                            <div class=\"team-block col-lg-3 col-md-6 col-sm-12\">\r\n                                <div class=\"inner-box wow fadeInLeft\" data-wow-delay=\"450ms\" data-wow-duration=\"1500ms\">\r\n                                    <div class=\"image\">\r\n                                        <a href=\"\"><img fetchpriority=\"high\" decoding=\"async\" width=\"260\" height=\"325\" src=\"https:\/\/www.cantin.ch\/wp-content\/uploads\/cantin_portraits_20161013_092.jpg\" class=\"attachment-roonix_275x330 size-roonix_275x330 wp-post-image\" alt=\"Steckbrief von Ducry Dominique\" srcset=\"https:\/\/www.cantin.ch\/wp-content\/uploads\/cantin_portraits_20161013_092.jpg 260w, https:\/\/www.cantin.ch\/wp-content\/uploads\/cantin_portraits_20161013_092-240x300.jpg 240w\" sizes=\"(max-width: 260px) 100vw, 260px\" \/><\/a>\r\n                                                                                    <div class=\"social-box\">\r\n                                                <span class=\"share-icon flaticon-share-1\"><\/span>\r\n                                                <div class=\"social-list\">\r\n                                                                                                    <\/div>\r\n                                            <\/div>\r\n                                                                            <\/div>\r\n                                    <div class=\"lower-content\">\r\n                                        <h4>\r\n                                            <a href=\"\">\r\n                                                Dominique Ducry                                            <\/a>\r\n                                        <\/h4>\r\n                                        <div class=\"designation\">Administrator<\/div>\r\n                                        <div class=\"text\">Tel: 026 676 90 20 Email: d.ducry@cantin.ch<\/div>\r\n                                    <\/div>\r\n                                <\/div>\r\n                            <\/div>\r\n                                                    <!-- Team Block -->\r\n                            <div class=\"team-block col-lg-3 col-md-6 col-sm-12\">\r\n                                <div class=\"inner-box wow fadeInLeft\" data-wow-delay=\"450ms\" data-wow-duration=\"1500ms\">\r\n                                    <div class=\"image\">\r\n                                        <a href=\"\"><img decoding=\"async\" width=\"275\" height=\"330\" src=\"https:\/\/www.cantin.ch\/wp-content\/uploads\/englund_frederic-275x330.jpg\" class=\"attachment-roonix_275x330 size-roonix_275x330 wp-post-image\" alt=\"Seitenansicht von Frederic Englund, dem Direktor von Cantin SA\" srcset=\"https:\/\/www.cantin.ch\/wp-content\/uploads\/englund_frederic-275x330.jpg 275w, https:\/\/www.cantin.ch\/wp-content\/uploads\/englund_frederic-430x514.jpg 430w\" sizes=\"(max-width: 275px) 100vw, 275px\" \/><\/a>\r\n                                                                                    <div class=\"social-box\">\r\n                                                <span class=\"share-icon flaticon-share-1\"><\/span>\r\n                                                <div class=\"social-list\">\r\n                                                                                                    <\/div>\r\n                                            <\/div>\r\n                                                                            <\/div>\r\n                                    <div class=\"lower-content\">\r\n                                        <h4>\r\n                                            <a href=\"\">\r\n                                                Fr\u00e9d\u00e9ric Englund                                            <\/a>\r\n                                        <\/h4>\r\n                                        <div class=\"designation\">VR-Pr\u00e4sident und CEO<\/div>\r\n                                        <div class=\"text\">Tel: 026 676 90 20 E-Mail: f.englund@cantin.ch<\/div>\r\n                                    <\/div>\r\n                                <\/div>\r\n                            <\/div>\r\n                                            <\/div>\r\n                                    <\/div>\r\n            <\/section>\r\n            <!-- End Team Section -->\r\n\r\n        \t\t\t\t<\/div>\n\t\t\t\t<\/div>\n\t\t\t\t<div class=\"elementor-element elementor-element-5c03843 elementor-widget elementor-widget-heading\" data-id=\"5c03843\" data-element_type=\"widget\" data-e-type=\"widget\" data-widget_type=\"heading.default\">\n\t\t\t\t<div class=\"elementor-widget-container\">\n\t\t\t\t\t<h2 class=\"elementor-heading-title elementor-size-default\">Leitung<\/h2>\t\t\t\t<\/div>\n\t\t\t\t<\/div>\n\t\t\t\t<div class=\"elementor-element elementor-element-c4459b0 elementor-widget elementor-widget-roonix_our_team_v6\" data-id=\"c4459b0\" data-element_type=\"widget\" data-e-type=\"widget\" data-widget_type=\"roonix_our_team_v6.default\">\n\t\t\t\t<div class=\"elementor-widget-container\">\n\t\t\t\t\t            <!-- Team Section -->\r\n            <section class=\"team-section\">\r\n                <div class=\"auto-container\">\r\n                                        <div class=\"row clearfix\">\r\n\r\n                                                    <!-- Team Block -->\r\n                            <div class=\"team-block col-lg-3 col-md-6 col-sm-12\">\r\n                                <div class=\"inner-box wow fadeInLeft\" data-wow-delay=\"450ms\" data-wow-duration=\"1500ms\">\r\n                                    <div class=\"image\">\r\n                                        <a href=\"\"><img decoding=\"async\" width=\"275\" height=\"330\" src=\"https:\/\/www.cantin.ch\/wp-content\/uploads\/englund_frederic-275x330.jpg\" class=\"attachment-roonix_275x330 size-roonix_275x330 wp-post-image\" alt=\"Seitenansicht von Frederic Englund, dem Direktor von Cantin SA\" srcset=\"https:\/\/www.cantin.ch\/wp-content\/uploads\/englund_frederic-275x330.jpg 275w, https:\/\/www.cantin.ch\/wp-content\/uploads\/englund_frederic-430x514.jpg 430w\" sizes=\"(max-width: 275px) 100vw, 275px\" \/><\/a>\r\n                                                                                    <div class=\"social-box\">\r\n                                                <span class=\"share-icon flaticon-share-1\"><\/span>\r\n                                                <div class=\"social-list\">\r\n                                                                                                    <\/div>\r\n                                            <\/div>\r\n                                                                            <\/div>\r\n                                    <div class=\"lower-content\">\r\n                                        <h4>\r\n                                            <a href=\"\">\r\n                                                Fr\u00e9d\u00e9ric Englund                                            <\/a>\r\n                                        <\/h4>\r\n                                        <div class=\"designation\">VR-Pr\u00e4sident und CEO<\/div>\r\n                                        <div class=\"text\">Tel: 026 676 90 20 E-Mail: f.englund@cantin.ch<\/div>\r\n                                    <\/div>\r\n                                <\/div>\r\n                            <\/div>\r\n                                                    <!-- Team Block -->\r\n                            <div class=\"team-block col-lg-3 col-md-6 col-sm-12\">\r\n                                <div class=\"inner-box wow fadeInLeft\" data-wow-delay=\"450ms\" data-wow-duration=\"1500ms\">\r\n                                    <div class=\"image\">\r\n                                        <a href=\"\"><img decoding=\"async\" width=\"260\" height=\"325\" src=\"https:\/\/www.cantin.ch\/wp-content\/uploads\/cantin_portraits_20161013_131.jpg\" class=\"attachment-roonix_275x330 size-roonix_275x330 wp-post-image\" alt=\"Portr\u00e4t von Vincent Pellet\" srcset=\"https:\/\/www.cantin.ch\/wp-content\/uploads\/cantin_portraits_20161013_131.jpg 260w, https:\/\/www.cantin.ch\/wp-content\/uploads\/cantin_portraits_20161013_131-240x300.jpg 240w\" sizes=\"(max-width: 260px) 100vw, 260px\" \/><\/a>\r\n                                                                                    <div class=\"social-box\">\r\n                                                <span class=\"share-icon flaticon-share-1\"><\/span>\r\n                                                <div class=\"social-list\">\r\n                                                                                                    <\/div>\r\n                                            <\/div>\r\n                                                                            <\/div>\r\n                                    <div class=\"lower-content\">\r\n                                        <h4>\r\n                                            <a href=\"\">\r\n                                                Vincent Pellet                                            <\/a>\r\n                                        <\/h4>\r\n                                        <div class=\"designation\">COO<\/div>\r\n                                        <div class=\"text\">Tel.: 079 885 71 00 Email: v.pellet@cantin.ch<\/div>\r\n                                    <\/div>\r\n                                <\/div>\r\n                            <\/div>\r\n                                            <\/div>\r\n                                    <\/div>\r\n            <\/section>\r\n            <!-- End Team Section -->\r\n\r\n        \t\t\t\t<\/div>\n\t\t\t\t<\/div>\n\t\t\t\t\t<\/div>\n\t\t<\/div>\n\t\t\t\t\t<\/div>\n\t\t<\/section>\n\t\t\t\t<\/div>","protected":false},"excerpt":{"rendered":"<p>Nos professionnels s\u2019engagent \u00e0 respecter vos exigences et garantir la qualit\u00e9 souhait\u00e9e. Am\u00e9liorer la qualit\u00e9, r\u00e9duire les d\u00e9lais, augmenter la productivit\u00e9, r\u00e9duire les stocks, sont des enjeux strat\u00e9giques dans les entreprises suisses. Dans un contexte de franc fort en Suisse, la soci\u00e9t\u00e9 Cantin a d\u00e9cid\u00e9 de\u00a0renforcer son bureau d\u2019\u00e9tudes pour offrir des solutions globales\u00a0: les [&hellip;]<\/p>\n","protected":false},"author":1,"featured_media":1204,"parent":0,"menu_order":0,"comment_status":"closed","ping_status":"closed","template":"tpl-default-elementor.php","meta":{"footnotes":""},"class_list":["post-1719","page","type-page","status-publish","has-post-thumbnail","hentry"],"_links":{"self":[{"href":"https:\/\/www.cantin.ch\/de\/wp-json\/wp\/v2\/pages\/1719","targetHints":{"allow":["GET"]}}],"collection":[{"href":"https:\/\/www.cantin.ch\/de\/wp-json\/wp\/v2\/pages"}],"about":[{"href":"https:\/\/www.cantin.ch\/de\/wp-json\/wp\/v2\/types\/page"}],"author":[{"embeddable":true,"href":"https:\/\/www.cantin.ch\/de\/wp-json\/wp\/v2\/users\/1"}],"replies":[{"embeddable":true,"href":"https:\/\/www.cantin.ch\/de\/wp-json\/wp\/v2\/comments?post=1719"}],"version-history":[{"count":0,"href":"https:\/\/www.cantin.ch\/de\/wp-json\/wp\/v2\/pages\/1719\/revisions"}],"wp:featuredmedia":[{"embeddable":true,"href":"https:\/\/www.cantin.ch\/de\/wp-json\/wp\/v2\/media\/1204"}],"wp:attachment":[{"href":"https:\/\/www.cantin.ch\/de\/wp-json\/wp\/v2\/media?parent=1719"}],"curies":[{"name":"wp","href":"https:\/\/api.w.org\/{rel}","templated":true}]}}