{"id":2257,"date":"2023-04-29T19:07:40","date_gmt":"2023-04-29T17:07:40","guid":{"rendered":"https:\/\/www.cantin.ch\/?page_id=2257"},"modified":"2023-05-26T00:51:08","modified_gmt":"2023-05-25T22:51:08","slug":"maschinenpark-fur-mechanische-tolerierung","status":"publish","type":"page","link":"https:\/\/www.cantin.ch\/de\/parc-machines-tolerie-mecanique\/","title":{"rendered":"Maschinenpark f\u00fcr mechanische Tolerierung"},"content":{"rendered":"<div data-elementor-type=\"wp-page\" data-elementor-id=\"2257\" class=\"elementor elementor-2257\" data-elementor-post-type=\"page\">\n\t\t\t\t\t\t<section class=\"elementor-section elementor-top-section elementor-element elementor-element-78cd2d1 elementor-section-boxed elementor-section-height-default elementor-section-height-default\" data-id=\"78cd2d1\" data-element_type=\"section\" data-e-type=\"section\">\n\t\t\t\t\t\t<div class=\"elementor-container elementor-column-gap-default\">\n\t\t\t\t\t<div class=\"elementor-column elementor-col-100 elementor-top-column elementor-element elementor-element-6c07721\" data-id=\"6c07721\" data-element_type=\"column\" data-e-type=\"column\">\n\t\t\t<div class=\"elementor-widget-wrap elementor-element-populated\">\n\t\t\t\t\t\t<div class=\"elementor-element elementor-element-fa0ed1d elementor-widget elementor-widget-heading\" data-id=\"fa0ed1d\" data-element_type=\"widget\" data-e-type=\"widget\" data-widget_type=\"heading.default\">\n\t\t\t\t<div class=\"elementor-widget-container\">\n\t\t\t\t\t<h2 class=\"elementor-heading-title elementor-size-default\">Der ideale Maschinenpark f\u00fcr ein Blechbearbeitungs- oder Industriemechanikprojekt in der Schweiz\n<\/h2>\t\t\t\t<\/div>\n\t\t\t\t<\/div>\n\t\t\t\t<div class=\"elementor-element elementor-element-1eae011 elementor-widget elementor-widget-text-editor\" data-id=\"1eae011\" data-element_type=\"widget\" data-e-type=\"widget\" data-widget_type=\"text-editor.default\">\n\t\t\t\t<div class=\"elementor-widget-container\">\n\t\t\t\t\t\t\t\t\tDer Maschinenpark ist ein wesentliches Element bei der Auswahl eines industriellen Zulieferers.\nDer umfangreiche Maschinenpark in Cantin zeichnet sich durch seine gro\u00dfe Vielfalt und Technologien der neuesten Generation aus. Er gew\u00e4hrleistet auf effiziente Weise die Herstellung von Qualit\u00e4tsprodukten und garantiert gleichzeitig die Sicherheit unserer Mitarbeiter.\n\nVom Schneiden bis zur Verarbeitung deckt der Maschinenpark von Cantin den gesamten Prozess ab. F\u00fcr jede Etappe Ihres Projekts in der Blechbearbeitung oder im Maschinenbau bieten wir Ihnen die leistungsf\u00e4higsten Maschinen des Marktes.\t\t\t\t\t\t\t\t<\/div>\n\t\t\t\t<\/div>\n\t\t\t\t<div class=\"elementor-element elementor-element-79de693 elementor-align-center elementor-widget elementor-widget-button\" data-id=\"79de693\" data-element_type=\"widget\" data-e-type=\"widget\" data-widget_type=\"button.default\">\n\t\t\t\t<div class=\"elementor-widget-container\">\n\t\t\t\t\t\t\t\t\t<div class=\"elementor-button-wrapper\">\n\t\t\t\t\t<a class=\"elementor-button elementor-button-link elementor-size-lg elementor-animation-shrink\" href=\"https:\/\/www.cantin.ch\/wp-content\/uploads\/CANTIN-parcMachine.pdf\">\n\t\t\t\t\t\t<span class=\"elementor-button-content-wrapper\">\n\t\t\t\t\t\t\t\t\t<span class=\"elementor-button-text\">Laden Sie die vollst\u00e4ndige Beschreibung unseres Maschinenparks herunter<\/span>\n\t\t\t\t\t<\/span>\n\t\t\t\t\t<\/a>\n\t\t\t\t<\/div>\n\t\t\t\t\t\t\t\t<\/div>\n\t\t\t\t<\/div>\n\t\t\t\t\t<\/div>\n\t\t<\/div>\n\t\t\t\t\t<\/div>\n\t\t<\/section>\n\t\t\t\t<section class=\"elementor-section elementor-top-section elementor-element elementor-element-8cd18a6 elementor-section-boxed elementor-section-height-default elementor-section-height-default\" data-id=\"8cd18a6\" data-element_type=\"section\" data-e-type=\"section\" data-settings=\"{&quot;background_background&quot;:&quot;classic&quot;}\">\n\t\t\t\t\t\t<div class=\"elementor-container elementor-column-gap-default\">\n\t\t\t\t\t<div class=\"elementor-column elementor-col-33 elementor-top-column elementor-element elementor-element-d18fe10\" data-id=\"d18fe10\" data-element_type=\"column\" data-e-type=\"column\">\n\t\t\t<div class=\"elementor-widget-wrap elementor-element-populated\">\n\t\t\t\t\t\t<div class=\"elementor-element elementor-element-02fe92b elementor-widget elementor-widget-image\" data-id=\"02fe92b\" data-element_type=\"widget\" data-e-type=\"widget\" data-widget_type=\"image.default\">\n\t\t\t\t<div class=\"elementor-widget-container\">\n\t\t\t\t\t\t\t\t\t\t\t\t\t\t\t<img fetchpriority=\"high\" decoding=\"async\" width=\"1000\" height=\"667\" src=\"https:\/\/www.cantin.ch\/wp-content\/uploads\/TRUMATIC-7000.jpg\" class=\"attachment-full size-full wp-image-2830\" alt=\"Eine TRUMATIC 700-Maschine, die in den Produktionsst\u00e4tten in Cantin aufgestellt wurde.\" srcset=\"https:\/\/www.cantin.ch\/wp-content\/uploads\/TRUMATIC-7000.jpg 1000w, https:\/\/www.cantin.ch\/wp-content\/uploads\/TRUMATIC-7000-300x200.jpg 300w, https:\/\/www.cantin.ch\/wp-content\/uploads\/TRUMATIC-7000-768x512.jpg 768w, https:\/\/www.cantin.ch\/wp-content\/uploads\/TRUMATIC-7000-410x272.jpg 410w\" sizes=\"(max-width: 1000px) 100vw, 1000px\" \/>\t\t\t\t\t\t\t\t\t\t\t\t\t\t\t<\/div>\n\t\t\t\t<\/div>\n\t\t\t\t\t<\/div>\n\t\t<\/div>\n\t\t\t\t<div class=\"elementor-column elementor-col-33 elementor-top-column elementor-element elementor-element-be7fbfd\" data-id=\"be7fbfd\" data-element_type=\"column\" data-e-type=\"column\">\n\t\t\t<div class=\"elementor-widget-wrap elementor-element-populated\">\n\t\t\t\t\t\t<div class=\"elementor-element elementor-element-b1cb91f elementor-widget elementor-widget-image\" data-id=\"b1cb91f\" data-element_type=\"widget\" data-e-type=\"widget\" data-widget_type=\"image.default\">\n\t\t\t\t<div class=\"elementor-widget-container\">\n\t\t\t\t\t\t\t\t\t\t\t\t\t\t\t<img decoding=\"async\" width=\"1000\" height=\"667\" src=\"https:\/\/www.cantin.ch\/wp-content\/uploads\/TRUBEND_51306AXES.jpg\" class=\"attachment-full size-full wp-image-2828\" alt=\"Eine TRUBEND 5130 6-ACHSIGE Maschine, die in den Produktionsst\u00e4tten in Cantin aufgestellt wurde.\" srcset=\"https:\/\/www.cantin.ch\/wp-content\/uploads\/TRUBEND_51306AXES.jpg 1000w, https:\/\/www.cantin.ch\/wp-content\/uploads\/TRUBEND_51306AXES-300x200.jpg 300w, https:\/\/www.cantin.ch\/wp-content\/uploads\/TRUBEND_51306AXES-768x512.jpg 768w, https:\/\/www.cantin.ch\/wp-content\/uploads\/TRUBEND_51306AXES-410x272.jpg 410w\" sizes=\"(max-width: 1000px) 100vw, 1000px\" \/>\t\t\t\t\t\t\t\t\t\t\t\t\t\t\t<\/div>\n\t\t\t\t<\/div>\n\t\t\t\t\t<\/div>\n\t\t<\/div>\n\t\t\t\t<div class=\"elementor-column elementor-col-33 elementor-top-column elementor-element elementor-element-c23b50c\" data-id=\"c23b50c\" data-element_type=\"column\" data-e-type=\"column\">\n\t\t\t<div class=\"elementor-widget-wrap elementor-element-populated\">\n\t\t\t\t\t\t<div class=\"elementor-element elementor-element-755d0a7 elementor-widget elementor-widget-image\" data-id=\"755d0a7\" data-element_type=\"widget\" data-e-type=\"widget\" data-widget_type=\"image.default\">\n\t\t\t\t<div class=\"elementor-widget-container\">\n\t\t\t\t\t\t\t\t\t\t\t\t\t\t\t<img decoding=\"async\" width=\"1000\" height=\"667\" src=\"https:\/\/www.cantin.ch\/wp-content\/uploads\/CNC-TruBend-5130.jpg\" class=\"attachment-full size-full wp-image-2829\" alt=\"Eine CNC-Maschine TruBend 5130, die in der Produktionsst\u00e4tte in Cantin aufgestellt wurde.\" srcset=\"https:\/\/www.cantin.ch\/wp-content\/uploads\/CNC-TruBend-5130.jpg 1000w, https:\/\/www.cantin.ch\/wp-content\/uploads\/CNC-TruBend-5130-300x200.jpg 300w, https:\/\/www.cantin.ch\/wp-content\/uploads\/CNC-TruBend-5130-768x512.jpg 768w, https:\/\/www.cantin.ch\/wp-content\/uploads\/CNC-TruBend-5130-410x272.jpg 410w\" sizes=\"(max-width: 1000px) 100vw, 1000px\" \/>\t\t\t\t\t\t\t\t\t\t\t\t\t\t\t<\/div>\n\t\t\t\t<\/div>\n\t\t\t\t\t<\/div>\n\t\t<\/div>\n\t\t\t\t\t<\/div>\n\t\t<\/section>\n\t\t\t\t<section class=\"elementor-section elementor-top-section elementor-element elementor-element-e8a37cf elementor-section-boxed elementor-section-height-default elementor-section-height-default\" data-id=\"e8a37cf\" data-element_type=\"section\" data-e-type=\"section\" data-settings=\"{&quot;background_background&quot;:&quot;classic&quot;}\">\n\t\t\t\t\t\t<div class=\"elementor-container elementor-column-gap-default\">\n\t\t\t\t\t<div class=\"elementor-column elementor-col-33 elementor-top-column elementor-element elementor-element-15ceda3\" data-id=\"15ceda3\" data-element_type=\"column\" data-e-type=\"column\" data-settings=\"{&quot;background_background&quot;:&quot;classic&quot;}\">\n\t\t\t<div class=\"elementor-widget-wrap elementor-element-populated\">\n\t\t\t\t\t\t<div class=\"elementor-element elementor-element-6943412 elementor-widget elementor-widget-heading\" data-id=\"6943412\" data-element_type=\"widget\" data-e-type=\"widget\" data-widget_type=\"heading.default\">\n\t\t\t\t<div class=\"elementor-widget-container\">\n\t\t\t\t\t<h2 class=\"elementor-heading-title elementor-size-default\">Stanz-Laser-Center TRUMATIC 7000\n\n<\/h2>\t\t\t\t<\/div>\n\t\t\t\t<\/div>\n\t\t\t\t<div class=\"elementor-element elementor-element-a6c70bb elementor-widget-divider--view-line elementor-widget elementor-widget-divider\" data-id=\"a6c70bb\" data-element_type=\"widget\" data-e-type=\"widget\" data-widget_type=\"divider.default\">\n\t\t\t\t<div class=\"elementor-widget-container\">\n\t\t\t\t\t\t\t<div class=\"elementor-divider\">\n\t\t\t<span class=\"elementor-divider-separator\">\n\t\t\t\t\t\t<\/span>\n\t\t<\/div>\n\t\t\t\t\t\t<\/div>\n\t\t\t\t<\/div>\n\t\t\t\t<div class=\"elementor-element elementor-element-f02be67 elementor-widget elementor-widget-text-editor\" data-id=\"f02be67\" data-element_type=\"widget\" data-e-type=\"widget\" data-widget_type=\"text-editor.default\">\n\t\t\t\t<div class=\"elementor-widget-container\">\n\t\t\t\t\t\t\t\t\tDie Drehkapazit\u00e4t in der Futterspannung betr\u00e4gt 10 bis 630mm\t\t\t\t\t\t\t\t<\/div>\n\t\t\t\t<\/div>\n\t\t\t\t\t<\/div>\n\t\t<\/div>\n\t\t\t\t<div class=\"elementor-column elementor-col-33 elementor-top-column elementor-element elementor-element-2fd8c1f\" data-id=\"2fd8c1f\" data-element_type=\"column\" data-e-type=\"column\" data-settings=\"{&quot;background_background&quot;:&quot;classic&quot;}\">\n\t\t\t<div class=\"elementor-widget-wrap elementor-element-populated\">\n\t\t\t\t\t\t<div class=\"elementor-element elementor-element-5d3266e elementor-widget elementor-widget-heading\" data-id=\"5d3266e\" data-element_type=\"widget\" data-e-type=\"widget\" data-widget_type=\"heading.default\">\n\t\t\t\t<div class=\"elementor-widget-container\">\n\t\t\t\t\t<h2 class=\"elementor-heading-title elementor-size-default\">MonoBlock-Bearbeitungszentrum DMU 105\/ 5-Achsen-Simultanbearbeitung<\/h2>\t\t\t\t<\/div>\n\t\t\t\t<\/div>\n\t\t\t\t<div class=\"elementor-element elementor-element-2f8cb4b elementor-widget-divider--view-line elementor-widget elementor-widget-divider\" data-id=\"2f8cb4b\" data-element_type=\"widget\" data-e-type=\"widget\" data-widget_type=\"divider.default\">\n\t\t\t\t<div class=\"elementor-widget-container\">\n\t\t\t\t\t\t\t<div class=\"elementor-divider\">\n\t\t\t<span class=\"elementor-divider-separator\">\n\t\t\t\t\t\t<\/span>\n\t\t<\/div>\n\t\t\t\t\t\t<\/div>\n\t\t\t\t<\/div>\n\t\t\t\t<div class=\"elementor-element elementor-element-8fd137f elementor-widget elementor-widget-text-editor\" data-id=\"8fd137f\" data-element_type=\"widget\" data-e-type=\"widget\" data-widget_type=\"text-editor.default\">\n\t\t\t\t<div class=\"elementor-widget-container\">\n\t\t\t\t\t\t\t\t\tDas monoBlock-Fr\u00e4szentrum DMU 105 besteht aus einer Basis von extremer Steifigkeit und sehr hoher Stabilit\u00e4t.\n\nFr\u00e4sleistungen in 5 simultanen Achsen f\u00fcr Werkst\u00fccke mit einem Durchmesser von bis zu 1050 mm und einer H\u00f6he von bis zu 690 mm.\nDer schwenkbare Rundtisch tr\u00e4gt Werkst\u00fccke mit einem Gewicht von bis zu 2000 kg.\t\t\t\t\t\t\t\t<\/div>\n\t\t\t\t<\/div>\n\t\t\t\t\t<\/div>\n\t\t<\/div>\n\t\t\t\t<div class=\"elementor-column elementor-col-33 elementor-top-column elementor-element elementor-element-f1ad3bf\" data-id=\"f1ad3bf\" data-element_type=\"column\" data-e-type=\"column\" data-settings=\"{&quot;background_background&quot;:&quot;classic&quot;}\">\n\t\t\t<div class=\"elementor-widget-wrap elementor-element-populated\">\n\t\t\t\t\t\t<div class=\"elementor-element elementor-element-c597930 elementor-widget elementor-widget-heading\" data-id=\"c597930\" data-element_type=\"widget\" data-e-type=\"widget\" data-widget_type=\"heading.default\">\n\t\t\t\t<div class=\"elementor-widget-container\">\n\t\t\t\t\t<h2 class=\"elementor-heading-title elementor-size-default\">TRUBEND 5130 6-Achsen-Presse<\/h2>\t\t\t\t<\/div>\n\t\t\t\t<\/div>\n\t\t\t\t<div class=\"elementor-element elementor-element-85277d6 elementor-widget-divider--view-line elementor-widget elementor-widget-divider\" data-id=\"85277d6\" data-element_type=\"widget\" data-e-type=\"widget\" data-widget_type=\"divider.default\">\n\t\t\t\t<div class=\"elementor-widget-container\">\n\t\t\t\t\t\t\t<div class=\"elementor-divider\">\n\t\t\t<span class=\"elementor-divider-separator\">\n\t\t\t\t\t\t<\/span>\n\t\t<\/div>\n\t\t\t\t\t\t<\/div>\n\t\t\t\t<\/div>\n\t\t\t\t<div class=\"elementor-element elementor-element-df0cf33 elementor-widget elementor-widget-text-editor\" data-id=\"df0cf33\" data-element_type=\"widget\" data-e-type=\"widget\" data-widget_type=\"text-editor.default\">\n\t\t\t\t<div class=\"elementor-widget-container\">\n\t\t\t\t\t\t\t\t\tDie einfache Bedienung erm\u00f6glicht eine schnelle Herstellung von komplexen Teilen. Der 6-achsige Hinteranschlag erleichtert das Biegen einer Vielzahl von Teilen.\n\nBiegekraft: 1300 KN.\nOffline-Programmierung mit ToPs 600.\t\t\t\t\t\t\t\t<\/div>\n\t\t\t\t<\/div>\n\t\t\t\t\t<\/div>\n\t\t<\/div>\n\t\t\t\t\t<\/div>\n\t\t<\/section>\n\t\t\t\t<section class=\"elementor-section elementor-top-section elementor-element elementor-element-bc2675a elementor-section-boxed elementor-section-height-default elementor-section-height-default\" data-id=\"bc2675a\" data-element_type=\"section\" data-e-type=\"section\">\n\t\t\t\t\t\t<div class=\"elementor-container elementor-column-gap-default\">\n\t\t\t\t\t<div class=\"elementor-column elementor-col-100 elementor-top-column elementor-element elementor-element-d633808\" data-id=\"d633808\" data-element_type=\"column\" data-e-type=\"column\">\n\t\t\t<div class=\"elementor-widget-wrap elementor-element-populated\">\n\t\t\t\t\t\t<div class=\"elementor-element elementor-element-8ccecbc elementor-widget elementor-widget-heading\" data-id=\"8ccecbc\" data-element_type=\"widget\" data-e-type=\"widget\" data-widget_type=\"heading.default\">\n\t\t\t\t<div class=\"elementor-widget-container\">\n\t\t\t\t\t<h2 class=\"elementor-heading-title elementor-size-default\">5 lean organisierte Hallen, um die Produktionsabl\u00e4ufe zu optimieren<\/h2>\t\t\t\t<\/div>\n\t\t\t\t<\/div>\n\t\t\t\t<div class=\"elementor-element elementor-element-767dca5 elementor-widget elementor-widget-text-editor\" data-id=\"767dca5\" data-element_type=\"widget\" data-e-type=\"widget\" data-widget_type=\"text-editor.default\">\n\t\t\t\t<div class=\"elementor-widget-container\">\n\t\t\t\t\t\t\t\t\t<p>Entdecken Sie den idealen Maschinenpark eines Schweizer Industrieblechwalzers!<\/p><p>Heute sind die f\u00fcnf Hallen (7200 m<sup>2<\/sup>) des Unternehmens wurden komplett neu organisiert, um die Produktionsabl\u00e4ufe zu optimieren, sodass die Stahlbleche, die automatisch von ihrem Lagerort zu den Schneidemaschinen transportiert werden, reibungslos durch die Biege-, Mechanik-, Schwei\u00df-, Pulverbeschichtungs- und Montageprozesse laufen und schlie\u00dflich als fertiges Produkt geliefert werden k\u00f6nnen.<\/p>\t\t\t\t\t\t\t\t<\/div>\n\t\t\t\t<\/div>\n\t\t\t\t<div class=\"elementor-element elementor-element-ee7dd62 elementor-align-center elementor-widget elementor-widget-button\" data-id=\"ee7dd62\" data-element_type=\"widget\" data-e-type=\"widget\" data-widget_type=\"button.default\">\n\t\t\t\t<div class=\"elementor-widget-container\">\n\t\t\t\t\t\t\t\t\t<div class=\"elementor-button-wrapper\">\n\t\t\t\t\t<a class=\"elementor-button elementor-button-link elementor-size-lg elementor-animation-shrink\" href=\"https:\/\/www.cantin.ch\/wp-content\/uploads\/CANTIN-parcMachine.pdf\" target=\"_blank\">\n\t\t\t\t\t\t<span class=\"elementor-button-content-wrapper\">\n\t\t\t\t\t\t\t\t\t<span class=\"elementor-button-text\">Entdecken Sie den Maschinenpark<\/span>\n\t\t\t\t\t<\/span>\n\t\t\t\t\t<\/a>\n\t\t\t\t<\/div>\n\t\t\t\t\t\t\t\t<\/div>\n\t\t\t\t<\/div>\n\t\t\t\t\t<\/div>\n\t\t<\/div>\n\t\t\t\t\t<\/div>\n\t\t<\/section>\n\t\t\t\t<\/div>","protected":false},"excerpt":{"rendered":"<p>Le parc machines id\u00e9al pour un projet en t\u00f4lerie ou en m\u00e9canique industrielle en Suisse Le parc machines est un \u00e9l\u00e9ment essentiel dans le choix d\u2019un sous-traitant industriel. L\u2019important parc machines de Cantin se caract\u00e9rise par sa grande diversit\u00e9 et des technologies de derni\u00e8re g\u00e9n\u00e9ration. Il assure efficacement la fabrication de produits de qualit\u00e9&nbsp;tout en [&hellip;]<\/p>\n","protected":false},"author":1,"featured_media":1204,"parent":0,"menu_order":0,"comment_status":"closed","ping_status":"closed","template":"tpl-default-elementor.php","meta":{"footnotes":""},"class_list":["post-2257","page","type-page","status-publish","has-post-thumbnail","hentry"],"_links":{"self":[{"href":"https:\/\/www.cantin.ch\/de\/wp-json\/wp\/v2\/pages\/2257","targetHints":{"allow":["GET"]}}],"collection":[{"href":"https:\/\/www.cantin.ch\/de\/wp-json\/wp\/v2\/pages"}],"about":[{"href":"https:\/\/www.cantin.ch\/de\/wp-json\/wp\/v2\/types\/page"}],"author":[{"embeddable":true,"href":"https:\/\/www.cantin.ch\/de\/wp-json\/wp\/v2\/users\/1"}],"replies":[{"embeddable":true,"href":"https:\/\/www.cantin.ch\/de\/wp-json\/wp\/v2\/comments?post=2257"}],"version-history":[{"count":0,"href":"https:\/\/www.cantin.ch\/de\/wp-json\/wp\/v2\/pages\/2257\/revisions"}],"wp:featuredmedia":[{"embeddable":true,"href":"https:\/\/www.cantin.ch\/de\/wp-json\/wp\/v2\/media\/1204"}],"wp:attachment":[{"href":"https:\/\/www.cantin.ch\/de\/wp-json\/wp\/v2\/media?parent=2257"}],"curies":[{"name":"wp","href":"https:\/\/api.w.org\/{rel}","templated":true}]}}