{"id":2274,"date":"2023-04-29T19:17:42","date_gmt":"2023-04-29T17:17:42","guid":{"rendered":"https:\/\/www.cantin.ch\/?page_id=2274"},"modified":"2023-05-26T00:49:09","modified_gmt":"2023-05-25T22:49:09","slug":"montage-und-zusammenbau-in-industrieller-tolerie","status":"publish","type":"page","link":"https:\/\/www.cantin.ch\/de\/montage-et-assemblage-en-tolerie-industrielle\/","title":{"rendered":"Montage und Zusammenbau in der industriellen Blechverarbeitung"},"content":{"rendered":"<div data-elementor-type=\"wp-page\" data-elementor-id=\"2274\" class=\"elementor elementor-2274\" data-elementor-post-type=\"page\">\n\t\t\t\t\t\t<section class=\"elementor-section elementor-top-section elementor-element elementor-element-f9130b6 elementor-section-boxed elementor-section-height-default elementor-section-height-default\" data-id=\"f9130b6\" data-element_type=\"section\" data-e-type=\"section\">\n\t\t\t\t\t\t<div class=\"elementor-container elementor-column-gap-default\">\n\t\t\t\t\t<div class=\"elementor-column elementor-col-100 elementor-top-column elementor-element elementor-element-3f3b693\" data-id=\"3f3b693\" data-element_type=\"column\" data-e-type=\"column\">\n\t\t\t<div class=\"elementor-widget-wrap elementor-element-populated\">\n\t\t\t\t\t\t<div class=\"elementor-element elementor-element-0982679 elementor-widget elementor-widget-heading\" data-id=\"0982679\" data-element_type=\"widget\" data-e-type=\"widget\" data-widget_type=\"heading.default\">\n\t\t\t\t<div class=\"elementor-widget-container\">\n\t\t\t\t\t<h2 class=\"elementor-heading-title elementor-size-default\">EINE SCHL\u00dcSSELFERTIGE L\u00d6SUNG - MIT MONTAGE UND ZUSAMMENBAU IN DER INDUSTRIELLEN BLECHVERARBEITUNG VON CANTIN<\/h2>\t\t\t\t<\/div>\n\t\t\t\t<\/div>\n\t\t\t\t<div class=\"elementor-element elementor-element-1eea6c5 elementor-widget elementor-widget-text-editor\" data-id=\"1eea6c5\" data-element_type=\"widget\" data-e-type=\"widget\" data-widget_type=\"text-editor.default\">\n\t\t\t\t<div class=\"elementor-widget-container\">\n\t\t\t\t\t\t\t\t\t<p>Sobald die einzelnen Elemente <a href=\"https:\/\/www.cantin.ch\/de\/industrieller-wasserstrahlschnitt-von-blechen\/\">ausgeschnitten<\/a>, <a href=\"https:\/\/www.cantin.ch\/de\/biegen-in-der-industriellen-tolerie\/\">gefaltet<\/a>, <a href=\"https:\/\/www.cantin.ch\/de\/schweisen-in-der-industriellen-tolerierung\/\">verschwei\u00dft<\/a> und <a href=\"https:\/\/www.cantin.ch\/de\/industrielle-lackierung-in-tolerie-2\/\">bemalt<\/a>Cantin legt besonderen Wert auf den Zusammenbau und die Montage. Wir stellen gebrauchsfertige Produkte (Fertigprodukte oder Baugruppen) her, die wir just-in-time oder mit unserem Verpackungs- und Versandservice direkt an Ihre Kunden ausliefern.<\/p><p>Cantin unterst\u00fctzt seine Kunden aktiv bei der Entwicklung von L\u00f6sungen, die den Bed\u00fcrfnissen jedes Einzelnen im Bereich der Befestigungstechnik gerecht werden, ohne dabei den Kostenfaktor aus den Augen zu verlieren. Mit seinem Know-how bietet Cantin L\u00f6sungen im Bereich der Befestigungs- und Montagetechniken an, die auf das Einpressen (Anbringen von Blindnietmuttern, Bolzen und Nieten), das Clipsen, Schrauben, Kleben und Anbringen von Eins\u00e4tzen und zugeschnittenen oder zugelieferten Komponenten zur\u00fcckgreifen.<\/p><p>Unsere modularen Montagelinien lassen sich perfekt an die Anforderungen der Kunden anpassen. Als zuverl\u00e4ssiger Partner \u00fcbernehmen wir auch die komplette Beschaffung von Komponenten, die in die Fertigung integriert werden.<\/p><p>Wir sind in der Lage, zus\u00e4tzliche Ausr\u00fcstungen (Schl\u00f6sser, Griffe, Glas, Plexiglas, Dichtungen) und elektrische Verkabelungen hinzuzuf\u00fcgen. Cantin ist in der Lage, Ihre Maschinen zu montieren und das Inbetriebnahmeprotokoll f\u00fcr Ihre Maschinen in unseren R\u00e4umlichkeiten zu erstellen, wobei wir vom Einzelteil bis zur Montagelinie mithilfe von Lean-Manufacturing-Techniken arbeiten.<\/p>\t\t\t\t\t\t\t\t<\/div>\n\t\t\t\t<\/div>\n\t\t\t\t<div class=\"elementor-element elementor-element-80d970c elementor-widget elementor-widget-image\" data-id=\"80d970c\" data-element_type=\"widget\" data-e-type=\"widget\" data-widget_type=\"image.default\">\n\t\t\t\t<div class=\"elementor-widget-container\">\n\t\t\t\t\t\t\t\t\t\t\t\t\t\t\t<img fetchpriority=\"high\" decoding=\"async\" width=\"1000\" height=\"666\" src=\"https:\/\/www.cantin.ch\/wp-content\/uploads\/etude-de-cas-visar-1.jpg\" class=\"attachment-full size-full wp-image-1249\" alt=\"Montage und Zusammenbau in der industriellen Blechverarbeitung\" srcset=\"https:\/\/www.cantin.ch\/wp-content\/uploads\/etude-de-cas-visar-1.jpg 1000w, https:\/\/www.cantin.ch\/wp-content\/uploads\/etude-de-cas-visar-1-300x200.jpg 300w, https:\/\/www.cantin.ch\/wp-content\/uploads\/etude-de-cas-visar-1-768x511.jpg 768w, https:\/\/www.cantin.ch\/wp-content\/uploads\/etude-de-cas-visar-1-410x272.jpg 410w, https:\/\/www.cantin.ch\/wp-content\/uploads\/etude-de-cas-visar-1-600x400.jpg 600w\" sizes=\"(max-width: 1000px) 100vw, 1000px\" \/>\t\t\t\t\t\t\t\t\t\t\t\t\t\t\t<\/div>\n\t\t\t\t<\/div>\n\t\t\t\t<div class=\"elementor-element elementor-element-daa1cd9 elementor-align-center elementor-widget elementor-widget-button\" data-id=\"daa1cd9\" data-element_type=\"widget\" data-e-type=\"widget\" data-widget_type=\"button.default\">\n\t\t\t\t<div class=\"elementor-widget-container\">\n\t\t\t\t\t\t\t\t\t<div class=\"elementor-button-wrapper\">\n\t\t\t\t\t<a class=\"elementor-button elementor-button-link elementor-size-lg elementor-animation-shrink\" href=\"https:\/\/www.cantin.ch\/de\/kontaktieren-sie\/\">\n\t\t\t\t\t\t<span class=\"elementor-button-content-wrapper\">\n\t\t\t\t\t\t\t\t\t<span class=\"elementor-button-text\">Kontaktieren Sie einen Experten f\u00fcr Zusammenbau und Montage<\/span>\n\t\t\t\t\t<\/span>\n\t\t\t\t\t<\/a>\n\t\t\t\t<\/div>\n\t\t\t\t\t\t\t\t<\/div>\n\t\t\t\t<\/div>\n\t\t\t\t\t<\/div>\n\t\t<\/div>\n\t\t\t\t\t<\/div>\n\t\t<\/section>\n\t\t\t\t<section class=\"elementor-section elementor-top-section elementor-element elementor-element-1e71523 elementor-section-boxed elementor-section-height-default elementor-section-height-default\" data-id=\"1e71523\" data-element_type=\"section\" data-e-type=\"section\" data-settings=\"{&quot;background_background&quot;:&quot;classic&quot;}\">\n\t\t\t\t\t\t<div class=\"elementor-container elementor-column-gap-default\">\n\t\t\t\t\t<div class=\"elementor-column elementor-col-100 elementor-top-column elementor-element elementor-element-455b7f0\" data-id=\"455b7f0\" data-element_type=\"column\" data-e-type=\"column\">\n\t\t\t<div class=\"elementor-widget-wrap elementor-element-populated\">\n\t\t\t\t\t\t<div class=\"elementor-element elementor-element-e69f117 elementor-widget elementor-widget-spacer\" data-id=\"e69f117\" data-element_type=\"widget\" data-e-type=\"widget\" data-widget_type=\"spacer.default\">\n\t\t\t\t<div class=\"elementor-widget-container\">\n\t\t\t\t\t\t\t<div class=\"elementor-spacer\">\n\t\t\t<div class=\"elementor-spacer-inner\"><\/div>\n\t\t<\/div>\n\t\t\t\t\t\t<\/div>\n\t\t\t\t<\/div>\n\t\t\t\t<section class=\"elementor-section elementor-inner-section elementor-element elementor-element-4bb3d3d elementor-section-boxed elementor-section-height-default elementor-section-height-default\" data-id=\"4bb3d3d\" data-element_type=\"section\" data-e-type=\"section\">\n\t\t\t\t\t\t<div class=\"elementor-container elementor-column-gap-default\">\n\t\t\t\t\t<div class=\"elementor-column elementor-col-50 elementor-inner-column elementor-element elementor-element-bef7982\" data-id=\"bef7982\" data-element_type=\"column\" data-e-type=\"column\">\n\t\t\t<div class=\"elementor-widget-wrap elementor-element-populated\">\n\t\t\t\t\t\t<div class=\"elementor-element elementor-element-acdb3cb elementor-widget elementor-widget-image\" data-id=\"acdb3cb\" data-element_type=\"widget\" data-e-type=\"widget\" data-widget_type=\"image.default\">\n\t\t\t\t<div class=\"elementor-widget-container\">\n\t\t\t\t\t\t\t\t\t\t\t\t\t\t\t<img decoding=\"async\" width=\"254\" height=\"97\" src=\"https:\/\/www.cantin.ch\/wp-content\/uploads\/01-coupe-1-1.png\" class=\"attachment-full size-full wp-image-1623\" alt=\"\" \/>\t\t\t\t\t\t\t\t\t\t\t\t\t\t\t<\/div>\n\t\t\t\t<\/div>\n\t\t\t\t<div class=\"elementor-element elementor-element-d043a18 elementor-widget elementor-widget-heading\" data-id=\"d043a18\" data-element_type=\"widget\" data-e-type=\"widget\" data-widget_type=\"heading.default\">\n\t\t\t\t<div class=\"elementor-widget-container\">\n\t\t\t\t\t<h3 class=\"elementor-heading-title elementor-size-default\">Vorteile<\/h3>\t\t\t\t<\/div>\n\t\t\t\t<\/div>\n\t\t\t\t\t<\/div>\n\t\t<\/div>\n\t\t\t\t<div class=\"elementor-column elementor-col-50 elementor-inner-column elementor-element elementor-element-c556057\" data-id=\"c556057\" data-element_type=\"column\" data-e-type=\"column\" data-settings=\"{&quot;background_background&quot;:&quot;classic&quot;}\">\n\t\t\t<div class=\"elementor-widget-wrap elementor-element-populated\">\n\t\t\t\t\t\t<div class=\"elementor-element elementor-element-f4f7d7c elementor-widget elementor-widget-heading\" data-id=\"f4f7d7c\" data-element_type=\"widget\" data-e-type=\"widget\" data-widget_type=\"heading.default\">\n\t\t\t\t<div class=\"elementor-widget-container\">\n\t\t\t\t\t<h4 class=\"elementor-heading-title elementor-size-default\">Ein Know-how<\/h4>\t\t\t\t<\/div>\n\t\t\t\t<\/div>\n\t\t\t\t<div class=\"elementor-element elementor-element-0aed387 elementor-widget-divider--view-line elementor-widget elementor-widget-divider\" data-id=\"0aed387\" data-element_type=\"widget\" data-e-type=\"widget\" data-widget_type=\"divider.default\">\n\t\t\t\t<div class=\"elementor-widget-container\">\n\t\t\t\t\t\t\t<div class=\"elementor-divider\">\n\t\t\t<span class=\"elementor-divider-separator\">\n\t\t\t\t\t\t<\/span>\n\t\t<\/div>\n\t\t\t\t\t\t<\/div>\n\t\t\t\t<\/div>\n\t\t\t\t<div class=\"elementor-element elementor-element-a3ea52b elementor-widget elementor-widget-text-editor\" data-id=\"a3ea52b\" data-element_type=\"widget\" data-e-type=\"widget\" data-widget_type=\"text-editor.default\">\n\t\t\t\t<div class=\"elementor-widget-container\">\n\t\t\t\t\t\t\t\t\tEin Know-how, das Ihren Bed\u00fcrfnissen in Bezug auf Qualit\u00e4t, Reaktionsf\u00e4higkeit und Effizienz entspricht.\t\t\t\t\t\t\t\t<\/div>\n\t\t\t\t<\/div>\n\t\t\t\t\t<\/div>\n\t\t<\/div>\n\t\t\t\t\t<\/div>\n\t\t<\/section>\n\t\t\t\t<div class=\"elementor-element elementor-element-6b35c95 elementor-widget elementor-widget-spacer\" data-id=\"6b35c95\" data-element_type=\"widget\" data-e-type=\"widget\" data-widget_type=\"spacer.default\">\n\t\t\t\t<div class=\"elementor-widget-container\">\n\t\t\t\t\t\t\t<div class=\"elementor-spacer\">\n\t\t\t<div class=\"elementor-spacer-inner\"><\/div>\n\t\t<\/div>\n\t\t\t\t\t\t<\/div>\n\t\t\t\t<\/div>\n\t\t\t\t\t<\/div>\n\t\t<\/div>\n\t\t\t\t\t<\/div>\n\t\t<\/section>\n\t\t\t\t<section class=\"elementor-section elementor-top-section elementor-element elementor-element-10cbda9 elementor-section-boxed elementor-section-height-default elementor-section-height-default\" data-id=\"10cbda9\" data-element_type=\"section\" data-e-type=\"section\">\n\t\t\t\t\t\t<div class=\"elementor-container elementor-column-gap-default\">\n\t\t\t\t\t<div class=\"elementor-column elementor-col-33 elementor-top-column elementor-element elementor-element-85a4594\" data-id=\"85a4594\" data-element_type=\"column\" data-e-type=\"column\">\n\t\t\t<div class=\"elementor-widget-wrap elementor-element-populated\">\n\t\t\t\t\t\t<div class=\"elementor-element elementor-element-2532bd6 elementor-widget elementor-widget-image\" data-id=\"2532bd6\" data-element_type=\"widget\" data-e-type=\"widget\" data-widget_type=\"image.default\">\n\t\t\t\t<div class=\"elementor-widget-container\">\n\t\t\t\t\t\t\t\t\t\t\t\t\t\t\t<img decoding=\"async\" width=\"254\" height=\"97\" src=\"https:\/\/www.cantin.ch\/wp-content\/uploads\/02-plaque-1.png\" class=\"attachment-full size-full wp-image-1626\" alt=\"\" \/>\t\t\t\t\t\t\t\t\t\t\t\t\t\t\t<\/div>\n\t\t\t\t<\/div>\n\t\t\t\t<div class=\"elementor-element elementor-element-bb2f863 elementor-widget elementor-widget-heading\" data-id=\"bb2f863\" data-element_type=\"widget\" data-e-type=\"widget\" data-widget_type=\"heading.default\">\n\t\t\t\t<div class=\"elementor-widget-container\">\n\t\t\t\t\t<h3 class=\"elementor-heading-title elementor-size-default\">M\u00f6glichkeiten<\/h3>\t\t\t\t<\/div>\n\t\t\t\t<\/div>\n\t\t\t\t\t<\/div>\n\t\t<\/div>\n\t\t\t\t<div class=\"elementor-column elementor-col-33 elementor-top-column elementor-element elementor-element-0e6a5f2\" data-id=\"0e6a5f2\" data-element_type=\"column\" data-e-type=\"column\" data-settings=\"{&quot;background_background&quot;:&quot;classic&quot;}\">\n\t\t\t<div class=\"elementor-widget-wrap elementor-element-populated\">\n\t\t\t\t\t\t<div class=\"elementor-element elementor-element-c510fce elementor-widget elementor-widget-heading\" data-id=\"c510fce\" data-element_type=\"widget\" data-e-type=\"widget\" data-widget_type=\"heading.default\">\n\t\t\t\t<div class=\"elementor-widget-container\">\n\t\t\t\t\t<h4 class=\"elementor-heading-title elementor-size-default\">Beschaffung<\/h4>\t\t\t\t<\/div>\n\t\t\t\t<\/div>\n\t\t\t\t<div class=\"elementor-element elementor-element-afaadec elementor-widget-divider--view-line elementor-widget elementor-widget-divider\" data-id=\"afaadec\" data-element_type=\"widget\" data-e-type=\"widget\" data-widget_type=\"divider.default\">\n\t\t\t\t<div class=\"elementor-widget-container\">\n\t\t\t\t\t\t\t<div class=\"elementor-divider\">\n\t\t\t<span class=\"elementor-divider-separator\">\n\t\t\t\t\t\t<\/span>\n\t\t<\/div>\n\t\t\t\t\t\t<\/div>\n\t\t\t\t<\/div>\n\t\t\t\t<div class=\"elementor-element elementor-element-3d783ca elementor-widget elementor-widget-text-editor\" data-id=\"3d783ca\" data-element_type=\"widget\" data-e-type=\"widget\" data-widget_type=\"text-editor.default\">\n\t\t\t\t<div class=\"elementor-widget-container\">\n\t\t\t\t\t\t\t\t\tCantin \u00fcbernimmt die Beschaffung der f\u00fcr den Zusammenbau ben\u00f6tigten Materialien.\t\t\t\t\t\t\t\t<\/div>\n\t\t\t\t<\/div>\n\t\t\t\t\t<\/div>\n\t\t<\/div>\n\t\t\t\t<div class=\"elementor-column elementor-col-33 elementor-top-column elementor-element elementor-element-67161fe\" data-id=\"67161fe\" data-element_type=\"column\" data-e-type=\"column\" data-settings=\"{&quot;background_background&quot;:&quot;classic&quot;}\">\n\t\t\t<div class=\"elementor-widget-wrap elementor-element-populated\">\n\t\t\t\t\t\t<div class=\"elementor-element elementor-element-45a4483 elementor-widget elementor-widget-heading\" data-id=\"45a4483\" data-element_type=\"widget\" data-e-type=\"widget\" data-widget_type=\"heading.default\">\n\t\t\t\t<div class=\"elementor-widget-container\">\n\t\t\t\t\t<h4 class=\"elementor-heading-title elementor-size-default\">Anzahl der M\u00fcnzen<\/h4>\t\t\t\t<\/div>\n\t\t\t\t<\/div>\n\t\t\t\t<div class=\"elementor-element elementor-element-3ae91a3 elementor-widget-divider--view-line elementor-widget elementor-widget-divider\" data-id=\"3ae91a3\" data-element_type=\"widget\" data-e-type=\"widget\" data-widget_type=\"divider.default\">\n\t\t\t\t<div class=\"elementor-widget-container\">\n\t\t\t\t\t\t\t<div class=\"elementor-divider\">\n\t\t\t<span class=\"elementor-divider-separator\">\n\t\t\t\t\t\t<\/span>\n\t\t<\/div>\n\t\t\t\t\t\t<\/div>\n\t\t\t\t<\/div>\n\t\t\t\t<div class=\"elementor-element elementor-element-96d87dd elementor-widget elementor-widget-text-editor\" data-id=\"96d87dd\" data-element_type=\"widget\" data-e-type=\"widget\" data-widget_type=\"text-editor.default\">\n\t\t\t\t<div class=\"elementor-widget-container\">\n\t\t\t\t\t\t\t\t\tCantin kann Einzelst\u00fccke oder Serien zusammensetzen\t\t\t\t\t\t\t\t<\/div>\n\t\t\t\t<\/div>\n\t\t\t\t\t<\/div>\n\t\t<\/div>\n\t\t\t\t\t<\/div>\n\t\t<\/section>\n\t\t\t\t<\/div>","protected":false},"excerpt":{"rendered":"<p>UNE SOLUTION CL\u00c9 EN MAIN &#8211; AVEC LE MONTAGE ET ASSEMBLAGE EN T\u00d4LERIE INDUSTRIELLE DE CANTIN Une fois les diff\u00e9rents \u00e9l\u00e9ments d\u00e9coup\u00e9s, pli\u00e9s, soud\u00e9s et peints, Cantin apporte une attention particuli\u00e8re \u00e0 l\u2019assemblage et au montage. Nous r\u00e9alisons des produits pr\u00eats \u00e0 \u00eatre utilis\u00e9s (produits finis ou sous- ensembles) que nous livrons en flux tendu [&hellip;]<\/p>\n","protected":false},"author":1,"featured_media":1204,"parent":0,"menu_order":0,"comment_status":"closed","ping_status":"closed","template":"tpl-default-elementor.php","meta":{"footnotes":""},"class_list":["post-2274","page","type-page","status-publish","has-post-thumbnail","hentry"],"_links":{"self":[{"href":"https:\/\/www.cantin.ch\/de\/wp-json\/wp\/v2\/pages\/2274","targetHints":{"allow":["GET"]}}],"collection":[{"href":"https:\/\/www.cantin.ch\/de\/wp-json\/wp\/v2\/pages"}],"about":[{"href":"https:\/\/www.cantin.ch\/de\/wp-json\/wp\/v2\/types\/page"}],"author":[{"embeddable":true,"href":"https:\/\/www.cantin.ch\/de\/wp-json\/wp\/v2\/users\/1"}],"replies":[{"embeddable":true,"href":"https:\/\/www.cantin.ch\/de\/wp-json\/wp\/v2\/comments?post=2274"}],"version-history":[{"count":0,"href":"https:\/\/www.cantin.ch\/de\/wp-json\/wp\/v2\/pages\/2274\/revisions"}],"wp:featuredmedia":[{"embeddable":true,"href":"https:\/\/www.cantin.ch\/de\/wp-json\/wp\/v2\/media\/1204"}],"wp:attachment":[{"href":"https:\/\/www.cantin.ch\/de\/wp-json\/wp\/v2\/media?parent=2274"}],"curies":[{"name":"wp","href":"https:\/\/api.w.org\/{rel}","templated":true}]}}